{"id":447,"date":"2019-09-17T14:15:58","date_gmt":"2019-09-17T12:15:58","guid":{"rendered":"http:\/\/www.tour-pique.com\/blog\/?page_id=447"},"modified":"2025-06-16T21:39:33","modified_gmt":"2025-06-16T19:39:33","slug":"chronologie-dun-projet-couture","status":"publish","type":"page","link":"https:\/\/www.miss-cactus.com\/blog\/index.php\/chronologie-dun-projet-couture\/","title":{"rendered":"Chronologie d&rsquo;un projet couture"},"content":{"rendered":"\n<p>Voici une <strong>chronologie globale d\u2019un projet couture<\/strong>, quel qu\u2019il soit, qui nous servira de guide et de rep\u00e8re tout au long de chaque projet.  Cette chronologie ne repr\u00e9sente pas un ordre \u00e0 suivre de fa\u00e7on immuable. Elle est l\u00e0 pour aider \u00e0 <strong>avoir un peu de recul<\/strong> et <strong>visualiser les diff\u00e9rents aspects d&rsquo;un projet couture<\/strong>.  Et d\u00e9j\u00e0, avant m\u00eame de commencer, l\u2019esprit est plus clair&nbsp;\ud83d\ude09.<\/p>\n\n\n\n<figure class=\"wp-block-image\"><img decoding=\"async\" width=\"1024\" height=\"341\" src=\"https:\/\/www.miss-cactus.com\/wp-content\/uploads\/2019\/06\/Bande_chronologie_projet_couture_2-1024x341.png\" alt=\"\" class=\"wp-image-585\" srcset=\"https:\/\/www.miss-cactus.com\/blog\/wp-content\/uploads\/2019\/06\/Bande_chronologie_projet_couture_2-1024x341.png 1024w, https:\/\/www.miss-cactus.com\/blog\/wp-content\/uploads\/2019\/06\/Bande_chronologie_projet_couture_2-300x100.png 300w, https:\/\/www.miss-cactus.com\/blog\/wp-content\/uploads\/2019\/06\/Bande_chronologie_projet_couture_2-768x256.png 768w, https:\/\/www.miss-cactus.com\/blog\/wp-content\/uploads\/2019\/06\/Bande_chronologie_projet_couture_2.png 1276w\" sizes=\"(max-width: 1024px) 100vw, 1024px\" \/><\/figure>\n\n\n\n<p>Comme fil conducteur, elle va <strong>aussi vous guider vers des liens<\/strong>, que vous pouvez suivre \u00e0 votre convenance pour explorer plus pr\u00e9cis\u00e9ment telle ou telle notion, selon vos besoins ou vos souhaits, et que je vais r\u00e9guli\u00e8rement enrichir.<\/p>\n\n\n\n<hr class=\"wp-block-separator\"\/>\n\n\n\n<figure class=\"wp-block-image\"><img decoding=\"async\" width=\"1024\" height=\"36\" src=\"https:\/\/www.miss-cactus.com\/wp-content\/uploads\/2019\/06\/Bande_couleur_1_\u00e9criture-1024x36.png\" alt=\"\" class=\"wp-image-597\" srcset=\"https:\/\/www.miss-cactus.com\/blog\/wp-content\/uploads\/2019\/06\/Bande_couleur_1_\u00e9criture-1024x36.png 1024w, https:\/\/www.miss-cactus.com\/blog\/wp-content\/uploads\/2019\/06\/Bande_couleur_1_\u00e9criture-300x11.png 300w, https:\/\/www.miss-cactus.com\/blog\/wp-content\/uploads\/2019\/06\/Bande_couleur_1_\u00e9criture-768x27.png 768w, https:\/\/www.miss-cactus.com\/blog\/wp-content\/uploads\/2019\/06\/Bande_couleur_1_\u00e9criture.png 1209w\" sizes=\"(max-width: 1024px) 100vw, 1024px\" \/><\/figure>\n\n\n\n<h2 class=\"wp-block-heading\">Etape 1 : Je choisis mon patron<\/h2>\n\n\n\n<p>Je choisis le <strong>mod\u00e8le <\/strong>de v\u00eatement que je veux r\u00e9aliser, sa coupe. Attention : v\u00e9rifiez qu\u2019il comporte bien votre taille.<\/p>\n\n\n\n<hr class=\"wp-block-separator\"\/>\n\n\n\n<figure class=\"wp-block-image\"><img decoding=\"async\" width=\"1024\" height=\"36\" src=\"https:\/\/www.miss-cactus.com\/wp-content\/uploads\/2019\/06\/Bande_couleur_2_\u00e9criture-1024x36.png\" alt=\"\" class=\"wp-image-598\" srcset=\"https:\/\/www.miss-cactus.com\/blog\/wp-content\/uploads\/2019\/06\/Bande_couleur_2_\u00e9criture-1024x36.png 1024w, https:\/\/www.miss-cactus.com\/blog\/wp-content\/uploads\/2019\/06\/Bande_couleur_2_\u00e9criture-300x11.png 300w, https:\/\/www.miss-cactus.com\/blog\/wp-content\/uploads\/2019\/06\/Bande_couleur_2_\u00e9criture-768x27.png 768w, https:\/\/www.miss-cactus.com\/blog\/wp-content\/uploads\/2019\/06\/Bande_couleur_2_\u00e9criture.png 1209w\" sizes=\"(max-width: 1024px) 100vw, 1024px\" \/><\/figure>\n\n\n\n<h2 class=\"wp-block-heading\">Etape 2&nbsp;: Je prends mes mesures et trouve ma taille<\/h2>\n\n\n\n<p><strong><a href=\"https:\/\/www.miss-cactus.com\/index.php\/2016\/02\/21\/bien-prendre-les-mesures\/\" target=\"_blank\" rel=\"noreferrer noopener\">Comment bien prendre ses mesures ?<\/a><\/strong><\/p>\n\n\n\n<hr class=\"wp-block-separator\"\/>\n\n\n\n<figure class=\"wp-block-image\"><img decoding=\"async\" width=\"1024\" height=\"36\" src=\"https:\/\/www.miss-cactus.com\/wp-content\/uploads\/2019\/06\/Bande_couleur_3_\u00e9criture-1024x36.png\" alt=\"\" class=\"wp-image-599\" srcset=\"https:\/\/www.miss-cactus.com\/blog\/wp-content\/uploads\/2019\/06\/Bande_couleur_3_\u00e9criture-1024x36.png 1024w, https:\/\/www.miss-cactus.com\/blog\/wp-content\/uploads\/2019\/06\/Bande_couleur_3_\u00e9criture-300x11.png 300w, https:\/\/www.miss-cactus.com\/blog\/wp-content\/uploads\/2019\/06\/Bande_couleur_3_\u00e9criture-768x27.png 768w, https:\/\/www.miss-cactus.com\/blog\/wp-content\/uploads\/2019\/06\/Bande_couleur_3_\u00e9criture.png 1209w\" sizes=\"(max-width: 1024px) 100vw, 1024px\" \/><\/figure>\n\n\n\n<h2 class=\"wp-block-heading\">Etape 3&nbsp;: Je choisis mes tissus<\/h2>\n\n\n\n<p><strong><a href=\"https:\/\/www.miss-cactus.com\/index.php\/je-choisis-mes-tissus-pour-mon-projet-couture\/\" target=\"_blank\" rel=\"noreferrer noopener\">Petites choses \u00e0 penser au moment d&rsquo;acheter mon tissu.<\/a><\/strong><\/p>\n\n\n\n<p><strong><a href=\"https:\/\/www.miss-cactus.com\/index.php\/2020\/05\/12\/recuperation-et-utilisation-des-chutes-de-tissus\/\" target=\"_blank\" rel=\"noreferrer noopener\">R\u00e9cup\u00e9ration et utilisation des chutes de tissus<\/a><\/strong><\/p>\n\n\n\n<hr class=\"wp-block-separator\"\/>\n\n\n\n<figure class=\"wp-block-image\"><img decoding=\"async\" width=\"1024\" height=\"36\" src=\"https:\/\/www.miss-cactus.com\/wp-content\/uploads\/2019\/06\/Bande_couleur_4_\u00e9criture-1024x36.png\" alt=\"\" class=\"wp-image-600\" srcset=\"https:\/\/www.miss-cactus.com\/blog\/wp-content\/uploads\/2019\/06\/Bande_couleur_4_\u00e9criture-1024x36.png 1024w, https:\/\/www.miss-cactus.com\/blog\/wp-content\/uploads\/2019\/06\/Bande_couleur_4_\u00e9criture-300x11.png 300w, https:\/\/www.miss-cactus.com\/blog\/wp-content\/uploads\/2019\/06\/Bande_couleur_4_\u00e9criture-768x27.png 768w, https:\/\/www.miss-cactus.com\/blog\/wp-content\/uploads\/2019\/06\/Bande_couleur_4_\u00e9criture.png 1209w\" sizes=\"(max-width: 1024px) 100vw, 1024px\" \/><\/figure>\n\n\n\n<h2 class=\"wp-block-heading\">Etape 4&nbsp;: Je compl\u00e8te ma mercerie<\/h2>\n\n\n\n<p><strong><a href=\"https:\/\/www.miss-cactus.com\/index.php\/je-reunis-mes-elements-de-mercerie-pour-mon-projet-couture\/\" target=\"_blank\" rel=\"noreferrer noopener\">Tous les types de fournitures n\u00e9cessaires, dont le fil.<\/a><\/strong><\/p>\n\n\n\n<p><a href=\"https:\/\/www.miss-cactus.com\/index.php\/2019\/09\/30\/comment-poser-un-bouton-pression-plastique-ou-snap\/\" target=\"_blank\" rel=\"noreferrer noopener\"><strong>Comment poser un bouton pression plastique ou \u00ab\u00a0snap\u00a0\u00bb<\/strong><\/a><\/p>\n\n\n\n<p><strong><a rel=\"noreferrer noopener\" href=\"https:\/\/www.miss-cactus.com\/index.php\/2020\/04\/25\/comment-faire-son-biais-soi-meme-pour-les-ouvrages-de-couture\/\" target=\"_blank\">Comment faire son biais soi-m\u00eame<\/a><\/strong><\/p>\n\n\n\n<p><a href=\"https:\/\/www.miss-cactus.com\/index.php\/2021\/09\/22\/coudre-un-biais\/\" target=\"_blank\" rel=\"noreferrer noopener\"><strong>Coudre un biais en couture<\/strong><\/a><\/p>\n\n\n\n<p><strong><a href=\"https:\/\/www.miss-cactus.com\/index.php\/2023\/03\/08\/coudre-proprement-les-bords-dun-biais-de-part-et-dautre-dune-poche-plaquee\/\" target=\"_blank\" rel=\"noreferrer noopener\">Coudre proprement les bords d\u2019un biais de part et d\u2019autre d\u2019une poche plaqu\u00e9e<\/a><\/strong><\/p>\n\n\n\n<hr class=\"wp-block-separator\"\/>\n\n\n\n<figure class=\"wp-block-image\"><img decoding=\"async\" width=\"1024\" height=\"36\" src=\"https:\/\/www.miss-cactus.com\/wp-content\/uploads\/2019\/06\/Bande_couleur_5_\u00e9criture-1024x36.png\" alt=\"\" class=\"wp-image-601\" srcset=\"https:\/\/www.miss-cactus.com\/blog\/wp-content\/uploads\/2019\/06\/Bande_couleur_5_\u00e9criture-1024x36.png 1024w, https:\/\/www.miss-cactus.com\/blog\/wp-content\/uploads\/2019\/06\/Bande_couleur_5_\u00e9criture-300x11.png 300w, https:\/\/www.miss-cactus.com\/blog\/wp-content\/uploads\/2019\/06\/Bande_couleur_5_\u00e9criture-768x27.png 768w, https:\/\/www.miss-cactus.com\/blog\/wp-content\/uploads\/2019\/06\/Bande_couleur_5_\u00e9criture.png 1209w\" sizes=\"(max-width: 1024px) 100vw, 1024px\" \/><\/figure>\n\n\n\n<h2 class=\"wp-block-heading\">Etape 5&nbsp;: Je d\u00e9coupe le patron papier<\/h2>\n\n\n\n<p>Je d\u00e9coupe chaque pi\u00e8ce du patron sur le trait correspondant \u00e0 ma taille. Chaque pi\u00e8ce du patron est en effet d\u00e9clin\u00e9e sous plusieurs tailles, superpos\u00e9es les unes aux autres : c&rsquo;est la <strong><a href=\"https:\/\/www.miss-cactus.com\/index.php\/gradation-dans-les-patrons-de-couture-definition\/\" target=\"_blank\" rel=\"noreferrer noopener\">gradation<\/a><\/strong>.<\/p>\n\n\n\n<hr class=\"wp-block-separator\"\/>\n\n\n\n<figure class=\"wp-block-image\"><img decoding=\"async\" width=\"1024\" height=\"36\" src=\"https:\/\/www.miss-cactus.com\/wp-content\/uploads\/2019\/06\/Bande_couleur_6_\u00e9criture-1024x36.png\" alt=\"\" class=\"wp-image-602\" srcset=\"https:\/\/www.miss-cactus.com\/blog\/wp-content\/uploads\/2019\/06\/Bande_couleur_6_\u00e9criture-1024x36.png 1024w, https:\/\/www.miss-cactus.com\/blog\/wp-content\/uploads\/2019\/06\/Bande_couleur_6_\u00e9criture-300x11.png 300w, https:\/\/www.miss-cactus.com\/blog\/wp-content\/uploads\/2019\/06\/Bande_couleur_6_\u00e9criture-768x27.png 768w, https:\/\/www.miss-cactus.com\/blog\/wp-content\/uploads\/2019\/06\/Bande_couleur_6_\u00e9criture.png 1209w\" sizes=\"(max-width: 1024px) 100vw, 1024px\" \/><\/figure>\n\n\n\n<h2 class=\"wp-block-heading\">Etape 6&nbsp;: Je suis le plan de coupe<\/h2>\n\n\n\n<p>Je pr\u00e9pare mon tissu \u00e0 la coupe selon les instructions du patron : <\/p>\n\n\n\n<ul class=\"wp-block-list\"><li><strong><a href=\"https:\/\/www.miss-cactus.com\/index.php\/plan-de-coupe-en-couture-definition\/\" target=\"_blank\" rel=\"noreferrer noopener\">le plan de coupe<\/a><\/strong><\/li><li>en pr\u00e9voyant <strong><a href=\"https:\/\/www.miss-cactus.com\/index.php\/marge-de-couture-definition\/\" target=\"_blank\" rel=\"noreferrer noopener\">des marges de couture<\/a><\/strong><\/li><\/ul>\n\n\n\n<hr class=\"wp-block-separator\"\/>\n\n\n\n<figure class=\"wp-block-image\"><img decoding=\"async\" width=\"1024\" height=\"36\" src=\"https:\/\/www.miss-cactus.com\/wp-content\/uploads\/2019\/06\/Bande_couleur_7_\u00e9criture-1024x36.png\" alt=\"\" class=\"wp-image-603\" srcset=\"https:\/\/www.miss-cactus.com\/blog\/wp-content\/uploads\/2019\/06\/Bande_couleur_7_\u00e9criture-1024x36.png 1024w, https:\/\/www.miss-cactus.com\/blog\/wp-content\/uploads\/2019\/06\/Bande_couleur_7_\u00e9criture-300x11.png 300w, https:\/\/www.miss-cactus.com\/blog\/wp-content\/uploads\/2019\/06\/Bande_couleur_7_\u00e9criture-768x27.png 768w, https:\/\/www.miss-cactus.com\/blog\/wp-content\/uploads\/2019\/06\/Bande_couleur_7_\u00e9criture.png 1209w\" sizes=\"(max-width: 1024px) 100vw, 1024px\" \/><\/figure>\n\n\n\n<h2 class=\"wp-block-heading\">Etape 7&nbsp;: Je coupe mes tissus<\/h2>\n\n\n\n<p><a href=\"https:\/\/www.miss-cactus.com\/index.php\/2023\/09\/01\/comment-ajouter-les-marges-de-couture-a-la-decoupe-de-vos-patrons-miss-cactus\/\" target=\"_blank\" rel=\"noreferrer noopener\"><strong>Co<\/strong>m<strong>ment ajouter les marges de couture \u00e0 la d\u00e9coupe de vos patrons Miss Cactus<\/strong><\/a><\/p>\n\n\n\n<hr class=\"wp-block-separator\"\/>\n\n\n\n<figure class=\"wp-block-image\"><img decoding=\"async\" width=\"1024\" height=\"36\" src=\"https:\/\/www.miss-cactus.com\/wp-content\/uploads\/2019\/06\/Bande_couleur_8_\u00e9criture-1024x36.png\" alt=\"\" class=\"wp-image-604\" srcset=\"https:\/\/www.miss-cactus.com\/blog\/wp-content\/uploads\/2019\/06\/Bande_couleur_8_\u00e9criture-1024x36.png 1024w, https:\/\/www.miss-cactus.com\/blog\/wp-content\/uploads\/2019\/06\/Bande_couleur_8_\u00e9criture-300x11.png 300w, https:\/\/www.miss-cactus.com\/blog\/wp-content\/uploads\/2019\/06\/Bande_couleur_8_\u00e9criture-768x27.png 768w, https:\/\/www.miss-cactus.com\/blog\/wp-content\/uploads\/2019\/06\/Bande_couleur_8_\u00e9criture.png 1209w\" sizes=\"(max-width: 1024px) 100vw, 1024px\" \/><\/figure>\n\n\n\n<h2 class=\"wp-block-heading\">Etape 8&nbsp;: Je pr\u00e9pare mon plan de travail<\/h2>\n\n\n\n<p><strong><a href=\"https:\/\/www.miss-cactus.com\/index.php\/je-prepare-ma-table-avant-de-debuter-ma-couture\/\" target=\"_blank\" rel=\"noreferrer noopener\">A avoir \u00e0 port\u00e9e de main de ma machine \u00e0 coudre<\/a><\/strong><\/p>\n\n\n\n<hr class=\"wp-block-separator\"\/>\n\n\n\n<figure class=\"wp-block-image\"><img decoding=\"async\" width=\"1024\" height=\"36\" src=\"https:\/\/www.miss-cactus.com\/wp-content\/uploads\/2019\/06\/Bande_couleur_9_\u00e9criture-1-1024x36.png\" alt=\"\" class=\"wp-image-605\" srcset=\"https:\/\/www.miss-cactus.com\/blog\/wp-content\/uploads\/2019\/06\/Bande_couleur_9_\u00e9criture-1-1024x36.png 1024w, https:\/\/www.miss-cactus.com\/blog\/wp-content\/uploads\/2019\/06\/Bande_couleur_9_\u00e9criture-1-300x11.png 300w, https:\/\/www.miss-cactus.com\/blog\/wp-content\/uploads\/2019\/06\/Bande_couleur_9_\u00e9criture-1-768x27.png 768w, https:\/\/www.miss-cactus.com\/blog\/wp-content\/uploads\/2019\/06\/Bande_couleur_9_\u00e9criture-1.png 1209w\" sizes=\"(max-width: 1024px) 100vw, 1024px\" \/><\/figure>\n\n\n\n<h2 class=\"wp-block-heading\">Etape 9&nbsp;: Je couds<\/h2>\n\n\n\n<p><strong><a href=\"https:\/\/www.miss-cactus.com\/index.php\/2019\/10\/28\/ma-check-list-avant-de-commencer-ma-piqure-a-la-machine-a-coudre\/\" target=\"_blank\" rel=\"noreferrer noopener\">Ma check-list avant de commencer ma piq\u00fbre \u00e0 la machine \u00e0 coudre<\/a><\/strong><\/p>\n\n\n\n<p><strong><a href=\"https:\/\/www.miss-cactus.com\/index.php\/2019\/11\/07\/coudre-des-arrondis-et-des-angles-nets\/\" target=\"_blank\" rel=\"noreferrer noopener\">Coudre des arrondis et des angles nets<\/a><\/strong><\/p>\n\n\n\n<p><strong><a href=\"https:\/\/www.miss-cactus.com\/index.php\/2019\/11\/07\/la-couture-anglaise-une-couture-dassemblage-propre-sur-lenvers\/\" target=\"_blank\" rel=\"noreferrer noopener\">La couture anglaise : une couture d\u2019assemblage propre sur l\u2019envers<\/a><\/strong><\/p>\n\n\n\n<p><strong><a href=\"https:\/\/www.miss-cactus.com\/index.php\/2020\/04\/15\/realiser-une-pince-en-couture\/\" target=\"_blank\" rel=\"noreferrer noopener\">R\u00e9aliser une pince en couture<\/a><\/strong><\/p>\n\n\n\n<p><a rel=\"noreferrer noopener\" href=\"https:\/\/www.miss-cactus.com\/index.php\/2021\/01\/08\/coudre-un-ourlet-sur-du-jersey-a-la-machine-a-coudre-grace-a-laiguille-double\/\" target=\"_blank\"><strong>Coudre un ourlet sur du jersey \u00e0 la machine \u00e0 coudre gr\u00e2ce \u00e0 l\u2019aiguille double<\/strong><\/a><\/p>\n\n\n\n<p><strong><a rel=\"noreferrer noopener\" href=\"https:\/\/www.miss-cactus.com\/index.php\/2024\/11\/20\/comment-arreter-une-couture-a-la-surjeteuse\/\" target=\"_blank\">Comment arr\u00eater une couture \u00e0 la surjeteuse<\/a><\/strong><\/p>\n\n\n\n<p><a href=\"https:\/\/www.miss-cactus.com\/index.php\/2025\/06\/11\/coudre-de-jolies-fronces\/\" target=\"_blank\" rel=\"noreferrer noopener\"><strong>Coudre de jolies fronces<\/strong><\/a><\/p>\n\n\n\n<div style=\"height:19px\" aria-hidden=\"true\" class=\"wp-block-spacer\"><\/div>\n\n\n\n<p>Et pour passer \u00e0 l&rsquo;action, quelques premiers projets simples :<\/p>\n\n\n\n<p><strong><a href=\"https:\/\/www.miss-cactus.com\/index.php\/2023\/11\/22\/tutoriel-pour-coudre-une-housse-de-coussin-pour-couture-debutant\/\" target=\"_blank\" rel=\"noreferrer noopener\">Tutoriel pour coudre une housse de coussin, pour couture d\u00e9butant<\/a><\/strong><\/p>\n\n\n\n<p><strong><a rel=\"noreferrer noopener\" href=\"https:\/\/www.miss-cactus.com\/index.php\/2021\/04\/21\/mes-tutoriels-couture-gratuits-pour-realiser-et-decorer-un-tote-bag\/\" target=\"_blank\">Mes tutoriels couture gratuits pour r\u00e9aliser et d\u00e9corer un tote bag<\/a><\/strong><\/p>\n\n\n\n<p><strong><a href=\"https:\/\/www.miss-cactus.com\/index.php\/2020\/03\/31\/special-confinement-2-tutos-couture-gratuits-pour-des-decorations-diy-de-paques-a-base-de-chutes-de-tissus\/\" target=\"_blank\" rel=\"noreferrer noopener\">2 tutos couture gratuits pour des d\u00e9corations DIY de P\u00e2ques, \u00e0 base de chutes de tissus<\/a><\/strong><\/p>\n\n\n\n<p><strong><a href=\"https:\/\/www.miss-cactus.com\/index.php\/2022\/12\/06\/coudre-une-nappe-ronde\/\" target=\"_blank\" rel=\"noreferrer noopener\">Coudre une nappe ronde tr\u00e8s facilement<\/a><\/strong><\/p>\n","protected":false},"excerpt":{"rendered":"<p>Voici une chronologie globale d\u2019un projet couture, quel qu\u2019il soit, qui nous servira de guide et de rep\u00e8re tout au long de chaque projet. Cette chronologie ne repr\u00e9sente pas un [&hellip;]<\/p>\n","protected":false},"author":1,"featured_media":585,"parent":0,"menu_order":0,"comment_status":"closed","ping_status":"closed","template":"","meta":{"footnotes":""},"class_list":["post-447","page","type-page","status-publish","has-post-thumbnail","hentry"],"_links":{"self":[{"href":"https:\/\/www.miss-cactus.com\/blog\/index.php\/wp-json\/wp\/v2\/pages\/447","targetHints":{"allow":["GET"]}}],"collection":[{"href":"https:\/\/www.miss-cactus.com\/blog\/index.php\/wp-json\/wp\/v2\/pages"}],"about":[{"href":"https:\/\/www.miss-cactus.com\/blog\/index.php\/wp-json\/wp\/v2\/types\/page"}],"author":[{"embeddable":true,"href":"https:\/\/www.miss-cactus.com\/blog\/index.php\/wp-json\/wp\/v2\/users\/1"}],"replies":[{"embeddable":true,"href":"https:\/\/www.miss-cactus.com\/blog\/index.php\/wp-json\/wp\/v2\/comments?post=447"}],"version-history":[{"count":51,"href":"https:\/\/www.miss-cactus.com\/blog\/index.php\/wp-json\/wp\/v2\/pages\/447\/revisions"}],"predecessor-version":[{"id":5588,"href":"https:\/\/www.miss-cactus.com\/blog\/index.php\/wp-json\/wp\/v2\/pages\/447\/revisions\/5588"}],"wp:featuredmedia":[{"embeddable":true,"href":"https:\/\/www.miss-cactus.com\/blog\/index.php\/wp-json\/wp\/v2\/media\/585"}],"wp:attachment":[{"href":"https:\/\/www.miss-cactus.com\/blog\/index.php\/wp-json\/wp\/v2\/media?parent=447"}],"curies":[{"name":"wp","href":"https:\/\/api.w.org\/{rel}","templated":true}]}}