{"id":445,"date":"2019-09-07T18:49:39","date_gmt":"2019-09-07T16:49:39","guid":{"rendered":"http:\/\/www.tour-pique.com\/blog\/?page_id=445"},"modified":"2019-09-17T14:26:54","modified_gmt":"2019-09-17T12:26:54","slug":"apprendre-a-coudre","status":"publish","type":"page","link":"https:\/\/www.miss-cactus.com\/blog\/index.php\/apprendre-a-coudre\/","title":{"rendered":"Sous toutes les coutures"},"content":{"rendered":"\n<p>Vous pouvez consid\u00e9rer cette page comme le <strong>SOMMAIRE <\/strong>pour retrouver <strong>tous les articles parlant de couture<\/strong>, organis\u00e9s sous deux grands chapitres :<\/p>\n\n\n\n<div style=\"height:20px\" aria-hidden=\"true\" class=\"wp-block-spacer\"><\/div>\n\n\n\n<ol class=\"wp-block-list\"><li>Une premi\u00e8re approche pour les grands d\u00e9butants sur <strong><a href=\"https:\/\/www.miss-cactus.com\/index.php\/les-notions-de-base-du-fonctionnement-dune-machine-a-coudre\/\">les bases du fonctionnement de la machine \u00e0 coudre<\/a><\/strong>&#8230; il faut bien commencer par faire connaissance avec cette machine \ud83d\ude09.<\/li><li>Les explications su<a href=\"https:\/\/www.miss-cactus.com\/index.php\/chronologie-dun-projet-couture\/\">r <\/a><strong><a href=\"https:\/\/www.miss-cactus.com\/index.php\/chronologie-dun-projet-couture\/\">des notions pr\u00e9cises <\/a><\/strong><a href=\"https:\/\/www.miss-cactus.com\/index.php\/chronologie-dun-projet-couture\/\">et d\u00e9taill\u00e9es <\/a><strong><a href=\"https:\/\/www.miss-cactus.com\/index.php\/chronologie-dun-projet-couture\/\">selon les diff\u00e9rentes \u00e9tapes qui composent un projet couture<\/a><\/strong>. Autant que possible j&rsquo;essaierai de vous proposer des tutos car la th\u00e9orie c&rsquo;est important, mais rien de mieux que la pratique ! <\/li><\/ol>\n\n\n\n<div style=\"height:20px\" aria-hidden=\"true\" class=\"wp-block-spacer\"><\/div>\n\n\n\n<p>Au sein de chacun de ces chapitres, vous trouverez de nombreux liens pour approfondir les notions \u00e9voqu\u00e9es.<\/p>\n\n\n\n<div style=\"height:20px\" aria-hidden=\"true\" class=\"wp-block-spacer\"><\/div>\n\n\n\n<ul class=\"wp-block-gallery columns-2 is-cropped wp-block-gallery-1 is-layout-flex wp-block-gallery-is-layout-flex\"><li class=\"blocks-gallery-item\"><figure><img decoding=\"async\" width=\"1024\" height=\"522\" src=\"https:\/\/www.miss-cactus.com\/wp-content\/uploads\/2019\/09\/Dessins_MaC_2-1024x522.png\" alt=\"\" data-id=\"1348\" data-link=\"https:\/\/www.miss-cactus.com\/?attachment_id=1348\" class=\"wp-image-1348\" srcset=\"https:\/\/www.miss-cactus.com\/blog\/wp-content\/uploads\/2019\/09\/Dessins_MaC_2-1024x522.png 1024w, https:\/\/www.miss-cactus.com\/blog\/wp-content\/uploads\/2019\/09\/Dessins_MaC_2-300x153.png 300w, https:\/\/www.miss-cactus.com\/blog\/wp-content\/uploads\/2019\/09\/Dessins_MaC_2-768x391.png 768w, https:\/\/www.miss-cactus.com\/blog\/wp-content\/uploads\/2019\/09\/Dessins_MaC_2-750x382.png 750w, https:\/\/www.miss-cactus.com\/blog\/wp-content\/uploads\/2019\/09\/Dessins_MaC_2-400x204.png 400w, https:\/\/www.miss-cactus.com\/blog\/wp-content\/uploads\/2019\/09\/Dessins_MaC_2-430x219.png 430w, https:\/\/www.miss-cactus.com\/blog\/wp-content\/uploads\/2019\/09\/Dessins_MaC_2-150x76.png 150w, https:\/\/www.miss-cactus.com\/blog\/wp-content\/uploads\/2019\/09\/Dessins_MaC_2-100x51.png 100w, https:\/\/www.miss-cactus.com\/blog\/wp-content\/uploads\/2019\/09\/Dessins_MaC_2.png 1276w\" sizes=\"(max-width: 1024px) 100vw, 1024px\" \/><figcaption><strong><a href=\"https:\/\/www.miss-cactus.com\/index.php\/les-notions-de-base-du-fonctionnement-dune-machine-a-coudre\/\"> Bases du fonctionnement d&rsquo;une machine \u00e0 coudre<\/a><\/strong><\/figcaption><\/figure><\/li><li class=\"blocks-gallery-item\"><figure><img decoding=\"async\" width=\"1024\" height=\"522\" src=\"https:\/\/www.miss-cactus.com\/wp-content\/uploads\/2019\/09\/Bande_chronologie_projet_couture_2_bis-1024x522.png\" alt=\"\" data-id=\"1349\" data-link=\"https:\/\/www.miss-cactus.com\/?attachment_id=1349\" class=\"wp-image-1349\" srcset=\"https:\/\/www.miss-cactus.com\/blog\/wp-content\/uploads\/2019\/09\/Bande_chronologie_projet_couture_2_bis-1024x522.png 1024w, https:\/\/www.miss-cactus.com\/blog\/wp-content\/uploads\/2019\/09\/Bande_chronologie_projet_couture_2_bis-300x153.png 300w, https:\/\/www.miss-cactus.com\/blog\/wp-content\/uploads\/2019\/09\/Bande_chronologie_projet_couture_2_bis-768x391.png 768w, https:\/\/www.miss-cactus.com\/blog\/wp-content\/uploads\/2019\/09\/Bande_chronologie_projet_couture_2_bis-750x382.png 750w, https:\/\/www.miss-cactus.com\/blog\/wp-content\/uploads\/2019\/09\/Bande_chronologie_projet_couture_2_bis-400x204.png 400w, https:\/\/www.miss-cactus.com\/blog\/wp-content\/uploads\/2019\/09\/Bande_chronologie_projet_couture_2_bis-430x219.png 430w, https:\/\/www.miss-cactus.com\/blog\/wp-content\/uploads\/2019\/09\/Bande_chronologie_projet_couture_2_bis-150x76.png 150w, https:\/\/www.miss-cactus.com\/blog\/wp-content\/uploads\/2019\/09\/Bande_chronologie_projet_couture_2_bis-100x51.png 100w, https:\/\/www.miss-cactus.com\/blog\/wp-content\/uploads\/2019\/09\/Bande_chronologie_projet_couture_2_bis.png 1276w\" sizes=\"(max-width: 1024px) 100vw, 1024px\" \/><figcaption><strong><a href=\"https:\/\/www.miss-cactus.com\/index.php\/chronologie-dun-projet-couture\/\"> Chronologie d&rsquo;un projet couture et explications de couture<\/a><\/strong><\/figcaption><\/figure><\/li><\/ul>\n\n\n\n<hr class=\"wp-block-separator\"\/>\n\n\n\n<p>Et si la signification de certains mots vous \u00e9chappe ou si vous n&rsquo;\u00eates pas tout \u00e0 fait s\u00fbr de son sens pr\u00e9cis, <a href=\"https:\/\/www.miss-cactus.com\/?page_id=449\">voici un <\/a><strong><a href=\"https:\/\/www.miss-cactus.com\/index.php\/petit-dico-de-couture\/\">PETIT DICO DE COUTURE<\/a><a href=\"https:\/\/www.miss-cactus.com\/?page_id=449\"> <\/a><\/strong><a href=\"https:\/\/www.miss-cactus.com\/?page_id=449\">qui peut vous aider <\/a>\u00e0 tout moment.<\/p>\n","protected":false},"excerpt":{"rendered":"<p>Vous pouvez consid\u00e9rer cette page comme le SOMMAIRE pour retrouver tous les articles parlant de couture, organis\u00e9s sous deux grands chapitres : Une premi\u00e8re approche pour les grands d\u00e9butants sur [&hellip;]<\/p>\n","protected":false},"author":1,"featured_media":0,"parent":0,"menu_order":0,"comment_status":"closed","ping_status":"closed","template":"","meta":{"footnotes":""},"class_list":["post-445","page","type-page","status-publish","hentry"],"_links":{"self":[{"href":"https:\/\/www.miss-cactus.com\/blog\/index.php\/wp-json\/wp\/v2\/pages\/445","targetHints":{"allow":["GET"]}}],"collection":[{"href":"https:\/\/www.miss-cactus.com\/blog\/index.php\/wp-json\/wp\/v2\/pages"}],"about":[{"href":"https:\/\/www.miss-cactus.com\/blog\/index.php\/wp-json\/wp\/v2\/types\/page"}],"author":[{"embeddable":true,"href":"https:\/\/www.miss-cactus.com\/blog\/index.php\/wp-json\/wp\/v2\/users\/1"}],"replies":[{"embeddable":true,"href":"https:\/\/www.miss-cactus.com\/blog\/index.php\/wp-json\/wp\/v2\/comments?post=445"}],"version-history":[{"count":76,"href":"https:\/\/www.miss-cactus.com\/blog\/index.php\/wp-json\/wp\/v2\/pages\/445\/revisions"}],"predecessor-version":[{"id":1395,"href":"https:\/\/www.miss-cactus.com\/blog\/index.php\/wp-json\/wp\/v2\/pages\/445\/revisions\/1395"}],"wp:attachment":[{"href":"https:\/\/www.miss-cactus.com\/blog\/index.php\/wp-json\/wp\/v2\/media?parent=445"}],"curies":[{"name":"wp","href":"https:\/\/api.w.org\/{rel}","templated":true}]}}