{"id":1358,"date":"2019-09-17T14:17:32","date_gmt":"2019-09-17T12:17:32","guid":{"rendered":"https:\/\/www.miss-cactus.com\/?page_id=1358"},"modified":"2019-09-17T14:17:33","modified_gmt":"2019-09-17T12:17:33","slug":"je-reunis-mes-elements-de-mercerie-pour-mon-projet-couture","status":"publish","type":"page","link":"https:\/\/www.miss-cactus.com\/blog\/index.php\/je-reunis-mes-elements-de-mercerie-pour-mon-projet-couture\/","title":{"rendered":"Je r\u00e9unis mes \u00e9l\u00e9ments de mercerie pour mon projet couture"},"content":{"rendered":"\n<figure class=\"wp-block-image\"><img decoding=\"async\" width=\"1024\" height=\"36\" src=\"https:\/\/www.miss-cactus.com\/wp-content\/uploads\/2019\/06\/Bande_couleur_4_\u00e9criture-1024x36.png\" alt=\"\" class=\"wp-image-600\" srcset=\"https:\/\/www.miss-cactus.com\/blog\/wp-content\/uploads\/2019\/06\/Bande_couleur_4_\u00e9criture-1024x36.png 1024w, https:\/\/www.miss-cactus.com\/blog\/wp-content\/uploads\/2019\/06\/Bande_couleur_4_\u00e9criture-300x11.png 300w, https:\/\/www.miss-cactus.com\/blog\/wp-content\/uploads\/2019\/06\/Bande_couleur_4_\u00e9criture-768x27.png 768w, https:\/\/www.miss-cactus.com\/blog\/wp-content\/uploads\/2019\/06\/Bande_couleur_4_\u00e9criture.png 1209w\" sizes=\"(max-width: 1024px) 100vw, 1024px\" \/><\/figure>\n\n\n\n<p>Toutes ces petites fournitures n\u00e9cessaires en plus du tissu&#8230; du type :<\/p>\n\n\n\n<ul class=\"wp-block-list\"><li><strong>Le ou les fil(s)<\/strong> : de couleur assortie(s) au(x) tissu(s), voire m\u00eame contrast\u00e9e pour certaines surpiq\u00fbres d&rsquo;ornement<\/li><\/ul>\n\n\n\n<div class=\"wp-block-media-text alignwide has-media-on-the-right\" style=\"grid-template-columns:auto 34%\"><figure class=\"wp-block-media-text__media\"><img decoding=\"async\" width=\"1000\" height=\"688\" src=\"https:\/\/www.miss-cactus.com\/wp-content\/uploads\/2019\/06\/IMG_0325.jpg\" alt=\"\" class=\"wp-image-777\" srcset=\"https:\/\/www.miss-cactus.com\/blog\/wp-content\/uploads\/2019\/06\/IMG_0325.jpg 1000w, https:\/\/www.miss-cactus.com\/blog\/wp-content\/uploads\/2019\/06\/IMG_0325-300x206.jpg 300w, https:\/\/www.miss-cactus.com\/blog\/wp-content\/uploads\/2019\/06\/IMG_0325-768x528.jpg 768w\" sizes=\"(max-width: 1000px) 100vw, 1000px\" \/><\/figure><div class=\"wp-block-media-text__content\">\n<p>S&rsquo;il n&rsquo;y a qu&rsquo;un seul fil \u00e0 choisir pour tous les ouvrages de coutures, c&rsquo;est un <strong>fil 100% polyester<\/strong>. Et il se trouve facilement dans tout magasin de tissus ou mercerie.  <\/p>\n<\/div><\/div>\n\n\n\n<p>Pour ce qui est du choix de la marque, je dirais qu&rsquo;<strong>entre prix et qualit\u00e9, c\u2019est un peu il faut choisir<\/strong>. De mon exp\u00e9rience, les bobines moins ch\u00e8res ont toujours \u00e9t\u00e9 synonymes de fil cassant et qui s&rsquo;effiloche. Ce qui signifie concr\u00e8tement qu&rsquo;il faut r\u00e9guli\u00e8rement r\u00e9installer le fil sur la machine, en pleine couture, car il a cass\u00e9. Et la couture obtenue est par l\u00e0 m\u00eame moins r\u00e9sistante dans le temps. Cela ne garantie pas que les fils plus chers ne cassent absolument jamais, bien s\u00fbr, mais cela reste vraiment rare. Pour ma part, je couds en toute confiance avec du fil G\u00fctermann. A vous de voir, et selon vos ouvrages&#8230;<\/p>\n\n\n\n<ul class=\"wp-block-list\"><li><strong>Les autres \u00e9l\u00e9ments de mercerie <\/strong>(fermeture \u00e9clair, bouton, bouton-pression, biais, \u00e9lastique\u2026)<\/li><li><strong>Les fournitures sp\u00e9cifiques pour la cr\u00e9ation de sacs<\/strong> (mousquetons, anneaux, sangle\u2026)<\/li><\/ul>\n","protected":false},"excerpt":{"rendered":"<p>Toutes ces petites fournitures n\u00e9cessaires en plus du tissu&#8230; du type : Le ou les fil(s) : de couleur assortie(s) au(x) tissu(s), voire m\u00eame contrast\u00e9e pour certaines surpiq\u00fbres d&rsquo;ornement S&rsquo;il [&hellip;]<\/p>\n","protected":false},"author":1,"featured_media":0,"parent":0,"menu_order":0,"comment_status":"closed","ping_status":"closed","template":"","meta":{"footnotes":""},"class_list":["post-1358","page","type-page","status-publish","hentry"],"_links":{"self":[{"href":"https:\/\/www.miss-cactus.com\/blog\/index.php\/wp-json\/wp\/v2\/pages\/1358","targetHints":{"allow":["GET"]}}],"collection":[{"href":"https:\/\/www.miss-cactus.com\/blog\/index.php\/wp-json\/wp\/v2\/pages"}],"about":[{"href":"https:\/\/www.miss-cactus.com\/blog\/index.php\/wp-json\/wp\/v2\/types\/page"}],"author":[{"embeddable":true,"href":"https:\/\/www.miss-cactus.com\/blog\/index.php\/wp-json\/wp\/v2\/users\/1"}],"replies":[{"embeddable":true,"href":"https:\/\/www.miss-cactus.com\/blog\/index.php\/wp-json\/wp\/v2\/comments?post=1358"}],"version-history":[{"count":4,"href":"https:\/\/www.miss-cactus.com\/blog\/index.php\/wp-json\/wp\/v2\/pages\/1358\/revisions"}],"predecessor-version":[{"id":1384,"href":"https:\/\/www.miss-cactus.com\/blog\/index.php\/wp-json\/wp\/v2\/pages\/1358\/revisions\/1384"}],"wp:attachment":[{"href":"https:\/\/www.miss-cactus.com\/blog\/index.php\/wp-json\/wp\/v2\/media?parent=1358"}],"curies":[{"name":"wp","href":"https:\/\/api.w.org\/{rel}","templated":true}]}}