{"id":1343,"date":"2019-09-17T14:15:14","date_gmt":"2019-09-17T12:15:14","guid":{"rendered":"https:\/\/www.miss-cactus.com\/?page_id=1343"},"modified":"2021-01-10T11:13:24","modified_gmt":"2021-01-10T10:13:24","slug":"les-notions-de-base-du-fonctionnement-dune-machine-a-coudre","status":"publish","type":"page","link":"https:\/\/www.miss-cactus.com\/blog\/index.php\/les-notions-de-base-du-fonctionnement-dune-machine-a-coudre\/","title":{"rendered":"Les notions de base du fonctionnement d&rsquo;une machine \u00e0 coudre"},"content":{"rendered":"\n<div class=\"wp-block-media-text alignwide is-stacked-on-mobile\" style=\"grid-template-columns:20% auto\"><figure class=\"wp-block-media-text__media\"><img decoding=\"async\" width=\"1000\" height=\"1000\" src=\"https:\/\/www.miss-cactus.com\/wp-content\/uploads\/2019\/09\/Avatar_profil_Etsy.png\" alt=\"\" class=\"wp-image-899 size-full\" srcset=\"https:\/\/www.miss-cactus.com\/blog\/wp-content\/uploads\/2019\/09\/Avatar_profil_Etsy.png 1000w, https:\/\/www.miss-cactus.com\/blog\/wp-content\/uploads\/2019\/09\/Avatar_profil_Etsy-150x150.png 150w, https:\/\/www.miss-cactus.com\/blog\/wp-content\/uploads\/2019\/09\/Avatar_profil_Etsy-300x300.png 300w, https:\/\/www.miss-cactus.com\/blog\/wp-content\/uploads\/2019\/09\/Avatar_profil_Etsy-768x768.png 768w, https:\/\/www.miss-cactus.com\/blog\/wp-content\/uploads\/2019\/09\/Avatar_profil_Etsy-270x270.png 270w\" sizes=\"(max-width: 1000px) 100vw, 1000px\" \/><\/figure><div class=\"wp-block-media-text__content\">\n<p>Mes connaissances en couture, je les ai acquises par moi-m\u00eame, par beaucoup de pratique et une longue exp\u00e9rience. <em><a href=\"https:\/\/www.miss-cactus.com\/index.php\/2019\/09\/12\/enchantee-de-vous-rencontrer\/\" target=\"_blank\" rel=\"noreferrer noopener\">Si vous souhaitez que je vous en dise plus, c&rsquo;est en cliquant ici <\/a><\/em><a href=\"https:\/\/www.miss-cactus.com\/index.php\/2019\/09\/12\/enchantee-de-vous-rencontrer\/\">\ud83d\ude09<\/a><em><a href=\"https:\/\/www.miss-cactus.com\/index.php\/2019\/09\/12\/enchantee-de-vous-rencontrer\/\">.<\/a> <\/em>Alors <strong>je vous propose une approche pragmatique de la couture, d&rsquo;une autodidacte pour des autodidactes<\/strong>. Je vous propose de <strong>partir de z\u00e9ro<\/strong>, donc si vous n&rsquo;avez encore jamais touch\u00e9 une machine \u00e0 coudre de votre vie, pas de soucis, on va tout voir ensemble, tout en douceur et en toute simplicit\u00e9 :-).  <\/p>\n<\/div><\/div>\n\n\n\n<div class=\"wp-block-media-text alignwide has-media-on-the-right is-stacked-on-mobile\" style=\"grid-template-columns:auto 34%\"><figure class=\"wp-block-media-text__media\"><img decoding=\"async\" width=\"1009\" height=\"1024\" src=\"https:\/\/www.miss-cactus.com\/wp-content\/uploads\/2019\/09\/Dessin_MaC_face_couleur-1-1009x1024.png\" alt=\"\" class=\"wp-image-1156 size-full\" srcset=\"https:\/\/www.miss-cactus.com\/blog\/wp-content\/uploads\/2019\/09\/Dessin_MaC_face_couleur-1-1009x1024.png 1009w, https:\/\/www.miss-cactus.com\/blog\/wp-content\/uploads\/2019\/09\/Dessin_MaC_face_couleur-1-296x300.png 296w, https:\/\/www.miss-cactus.com\/blog\/wp-content\/uploads\/2019\/09\/Dessin_MaC_face_couleur-1-768x779.png 768w, https:\/\/www.miss-cactus.com\/blog\/wp-content\/uploads\/2019\/09\/Dessin_MaC_face_couleur-1-750x761.png 750w, https:\/\/www.miss-cactus.com\/blog\/wp-content\/uploads\/2019\/09\/Dessin_MaC_face_couleur-1-400x406.png 400w, https:\/\/www.miss-cactus.com\/blog\/wp-content\/uploads\/2019\/09\/Dessin_MaC_face_couleur-1-430x436.png 430w, https:\/\/www.miss-cactus.com\/blog\/wp-content\/uploads\/2019\/09\/Dessin_MaC_face_couleur-1-150x152.png 150w, https:\/\/www.miss-cactus.com\/blog\/wp-content\/uploads\/2019\/09\/Dessin_MaC_face_couleur-1-100x101.png 100w, https:\/\/www.miss-cactus.com\/blog\/wp-content\/uploads\/2019\/09\/Dessin_MaC_face_couleur-1.png 1663w\" sizes=\"(max-width: 1009px) 100vw, 1009px\" \/><\/figure><div class=\"wp-block-media-text__content\">\n<p>Mais celle que vous allez surtout apprendre \u00e0 connaitre, c&rsquo;est&#8230;  <\/p>\n\n\n\n<p>&#8230; <strong>votre MACHINE \u00e0 COUDRE<\/strong> \ud83d\ude09 !  <\/p>\n<\/div><\/div>\n\n\n\n<p>Alors pour la conna\u00eetre sous toutes les coutures, je vous invite \u00e0 consulter <strong>les sch\u00e9mas d&rsquo;une machine type<\/strong>, repr\u00e9sentative de toutes les machines \u00e0 coudre. Si la votre n&rsquo;est pas exactement pareille, elle partage les m\u00eames caract\u00e9ristiques. Je vous indique tous les termes de <strong>vocabulaire <\/strong>sur les diff\u00e9rents \u00e9l\u00e9ments qui la composent, comme \u00e7a, d\u00e8s que vous avez un doute sur la signification de l&rsquo;un d&rsquo;entre eux, vous savez que vous pouvez venir consulter cette page ! C&rsquo;est par ici : <\/p>\n\n\n\n<p class=\"has-text-align-center\"><strong><a href=\"https:\/\/www.miss-cactus.com\/index.php\/2019\/09\/16\/anatomie-dune-machine-a-coudre\/\" target=\"_blank\" rel=\"noreferrer noopener\">ANATOMIE D\u2019UNE MACHINE \u00c0 COUDRE<\/a><\/strong><a href=\"https:\/\/www.miss-cactus.com\/index.php\/2019\/09\/16\/anatomie-dune-machine-a-coudre\/\">.<\/a><\/p>\n\n\n\n<p>Le vocabulaire est important, mais faisons vraiment plus ample connaissance. Vous allez voir, en quelques mots, vous conna\u00eetrez d\u00e9j\u00e0 <strong>les bases du fonctionnement de votre machine \u00e0 coudre<\/strong>, il suffit de cliquer sur l\u2019article qui suit \ud83d\ude09 : <\/p>\n\n\n\n<p class=\"has-text-align-center\"><a href=\"https:\/\/www.miss-cactus.com\/?p=506\" target=\"_blank\" rel=\"noreferrer noopener\"><strong>LES NOTIONS DE BASE POUR UTILISER SA MACHINE \u00c0 COUDRE<\/strong><\/a><\/p>\n\n\n\n<p>Allons un peu plus loin encore avec votre machine \u00e0 coudre\u2026 Pour cela, je vous invite \u00e0 consulter les articles suivants : <\/p>\n\n\n\n<p><strong><a href=\"https:\/\/www.miss-cactus.com\/index.php\/2019\/10\/07\/tout-sur-la-canette-de-machine-a-coudre\/\" target=\"_blank\" rel=\"noreferrer noopener\">TOUT SUR LA CANETTE DE MACHINE \u00c0 COUDRE<\/a><\/strong><\/p>\n\n\n\n<p><strong><a href=\"https:\/\/www.miss-cactus.com\/index.php\/2019\/10\/07\/quelles-aiguilles-de-machine-a-coudre-utiliser\/\" target=\"_blank\" rel=\"noreferrer noopener\">QUELLES AIGUILLES DE MACHINE \u00c0 COUDRE UTILISER<\/a><\/strong><\/p>\n\n\n\n<p><strong><a href=\"https:\/\/www.miss-cactus.com\/index.php\/2021\/01\/06\/changer-une-aiguille-de-machine-a-coudre\/\" target=\"_blank\" rel=\"noreferrer noopener\">CHANGER UNE AIGUILLE DE MACHINE A COUDRE<\/a><\/strong><\/p>\n\n\n\n<p><strong><a href=\"https:\/\/www.miss-cactus.com\/index.php\/2019\/10\/28\/les-2-principaux-points-a-utiliser-sur-une-machine-a-coudre\/\" target=\"_blank\" rel=\"noreferrer noopener\">LES 2 PRINCIPAUX POINTS \u00c0 UTILISER SUR UNE MACHINE \u00c0 COUDRE<\/a><\/strong><\/p>\n","protected":false},"excerpt":{"rendered":"<p>Mes connaissances en couture, je les ai acquises par moi-m\u00eame, par beaucoup de pratique et une longue exp\u00e9rience. Si vous souhaitez que je vous en dise plus, c&rsquo;est en cliquant [&hellip;]<\/p>\n","protected":false},"author":1,"featured_media":0,"parent":0,"menu_order":0,"comment_status":"closed","ping_status":"closed","template":"","meta":{"footnotes":""},"class_list":["post-1343","page","type-page","status-publish","hentry"],"_links":{"self":[{"href":"https:\/\/www.miss-cactus.com\/blog\/index.php\/wp-json\/wp\/v2\/pages\/1343","targetHints":{"allow":["GET"]}}],"collection":[{"href":"https:\/\/www.miss-cactus.com\/blog\/index.php\/wp-json\/wp\/v2\/pages"}],"about":[{"href":"https:\/\/www.miss-cactus.com\/blog\/index.php\/wp-json\/wp\/v2\/types\/page"}],"author":[{"embeddable":true,"href":"https:\/\/www.miss-cactus.com\/blog\/index.php\/wp-json\/wp\/v2\/users\/1"}],"replies":[{"embeddable":true,"href":"https:\/\/www.miss-cactus.com\/blog\/index.php\/wp-json\/wp\/v2\/comments?post=1343"}],"version-history":[{"count":15,"href":"https:\/\/www.miss-cactus.com\/blog\/index.php\/wp-json\/wp\/v2\/pages\/1343\/revisions"}],"predecessor-version":[{"id":3073,"href":"https:\/\/www.miss-cactus.com\/blog\/index.php\/wp-json\/wp\/v2\/pages\/1343\/revisions\/3073"}],"wp:attachment":[{"href":"https:\/\/www.miss-cactus.com\/blog\/index.php\/wp-json\/wp\/v2\/media?parent=1343"}],"curies":[{"name":"wp","href":"https:\/\/api.w.org\/{rel}","templated":true}]}}