{"id":1321,"date":"2019-09-16T14:42:23","date_gmt":"2019-09-16T12:42:23","guid":{"rendered":"https:\/\/www.miss-cactus.com\/?page_id=1321"},"modified":"2019-09-16T14:42:24","modified_gmt":"2019-09-16T12:42:24","slug":"volant-sur-une-machine-a-coudre-definition","status":"publish","type":"page","link":"https:\/\/www.miss-cactus.com\/blog\/index.php\/volant-sur-une-machine-a-coudre-definition\/","title":{"rendered":"Volant sur une machine \u00e0 coudre : d\u00e9finition"},"content":{"rendered":"\n<div class=\"wp-block-media-text alignwide\"><figure class=\"wp-block-media-text__media\"><img decoding=\"async\" width=\"1024\" height=\"832\" src=\"https:\/\/www.miss-cactus.com\/wp-content\/uploads\/2019\/09\/Dessin_MaC_volant-1024x832.png\" alt=\"\" class=\"wp-image-1140\" srcset=\"https:\/\/www.miss-cactus.com\/blog\/wp-content\/uploads\/2019\/09\/Dessin_MaC_volant-1024x832.png 1024w, https:\/\/www.miss-cactus.com\/blog\/wp-content\/uploads\/2019\/09\/Dessin_MaC_volant-300x244.png 300w, https:\/\/www.miss-cactus.com\/blog\/wp-content\/uploads\/2019\/09\/Dessin_MaC_volant-768x624.png 768w, https:\/\/www.miss-cactus.com\/blog\/wp-content\/uploads\/2019\/09\/Dessin_MaC_volant-750x609.png 750w, https:\/\/www.miss-cactus.com\/blog\/wp-content\/uploads\/2019\/09\/Dessin_MaC_volant-400x325.png 400w, https:\/\/www.miss-cactus.com\/blog\/wp-content\/uploads\/2019\/09\/Dessin_MaC_volant-430x349.png 430w, https:\/\/www.miss-cactus.com\/blog\/wp-content\/uploads\/2019\/09\/Dessin_MaC_volant-150x122.png 150w, https:\/\/www.miss-cactus.com\/blog\/wp-content\/uploads\/2019\/09\/Dessin_MaC_volant-100x81.png 100w, https:\/\/www.miss-cactus.com\/blog\/wp-content\/uploads\/2019\/09\/Dessin_MaC_volant.png 1662w\" sizes=\"(max-width: 1024px) 100vw, 1024px\" \/><\/figure><div class=\"wp-block-media-text__content\">\n<p>Molette ronde sur la machine \u00e0 coudre qui permet de monter ou descendre l\u2019aiguille.<br><\/p>\n<\/div><\/div>\n\n\n\n<p>Retrouvez en cliquant<strong><a href=\"https:\/\/www.miss-cactus.com\/?p=508\"> ici tous les \u00e9l\u00e9ments qui composent une machine \u00e0 coudre<\/a><\/strong>.<\/p>\n","protected":false},"excerpt":{"rendered":"<p>Molette ronde sur la machine \u00e0 coudre qui permet de monter ou descendre l\u2019aiguille. Retrouvez en cliquant ici tous les \u00e9l\u00e9ments qui composent une machine \u00e0 coudre.<\/p>\n","protected":false},"author":1,"featured_media":0,"parent":0,"menu_order":0,"comment_status":"closed","ping_status":"closed","template":"","meta":{"footnotes":""},"class_list":["post-1321","page","type-page","status-publish","hentry"],"_links":{"self":[{"href":"https:\/\/www.miss-cactus.com\/blog\/index.php\/wp-json\/wp\/v2\/pages\/1321","targetHints":{"allow":["GET"]}}],"collection":[{"href":"https:\/\/www.miss-cactus.com\/blog\/index.php\/wp-json\/wp\/v2\/pages"}],"about":[{"href":"https:\/\/www.miss-cactus.com\/blog\/index.php\/wp-json\/wp\/v2\/types\/page"}],"author":[{"embeddable":true,"href":"https:\/\/www.miss-cactus.com\/blog\/index.php\/wp-json\/wp\/v2\/users\/1"}],"replies":[{"embeddable":true,"href":"https:\/\/www.miss-cactus.com\/blog\/index.php\/wp-json\/wp\/v2\/comments?post=1321"}],"version-history":[{"count":2,"href":"https:\/\/www.miss-cactus.com\/blog\/index.php\/wp-json\/wp\/v2\/pages\/1321\/revisions"}],"predecessor-version":[{"id":1323,"href":"https:\/\/www.miss-cactus.com\/blog\/index.php\/wp-json\/wp\/v2\/pages\/1321\/revisions\/1323"}],"wp:attachment":[{"href":"https:\/\/www.miss-cactus.com\/blog\/index.php\/wp-json\/wp\/v2\/media?parent=1321"}],"curies":[{"name":"wp","href":"https:\/\/api.w.org\/{rel}","templated":true}]}}