{"id":1317,"date":"2019-09-16T14:40:30","date_gmt":"2019-09-16T12:40:30","guid":{"rendered":"https:\/\/www.miss-cactus.com\/?page_id=1317"},"modified":"2019-09-16T14:40:31","modified_gmt":"2019-09-16T12:40:31","slug":"surpiqure-en-couture-definition","status":"publish","type":"page","link":"https:\/\/www.miss-cactus.com\/blog\/index.php\/surpiqure-en-couture-definition\/","title":{"rendered":"Surpiq\u00fbre en couture : d\u00e9finition"},"content":{"rendered":"\n<div class=\"wp-block-media-text alignwide\"><figure class=\"wp-block-media-text__media\"><\/figure><div class=\"wp-block-media-text__content\">\n<p>Ligne de couture r\u00e9alis\u00e9e sur l\u2019endroit du tissu, donc apparente, servant \u00e0 renforcer une couture et \u00e0 am\u00e9liorer l\u2019aspect esth\u00e9tique. En choisissant un fil de couleur contrast\u00e9e par rapport \u00e0 celle du tissu et\/ou un type de point de couture original, elle devient un ornement \u00e0 part enti\u00e8re.<br><\/p>\n<\/div><\/div>\n","protected":false},"excerpt":{"rendered":"<p>Ligne de couture r\u00e9alis\u00e9e sur l\u2019endroit du tissu, donc apparente, servant \u00e0 renforcer une couture et \u00e0 am\u00e9liorer l\u2019aspect esth\u00e9tique. En choisissant un fil de couleur contrast\u00e9e par rapport \u00e0 [&hellip;]<\/p>\n","protected":false},"author":1,"featured_media":0,"parent":0,"menu_order":0,"comment_status":"closed","ping_status":"closed","template":"","meta":{"footnotes":""},"class_list":["post-1317","page","type-page","status-publish","hentry"],"_links":{"self":[{"href":"https:\/\/www.miss-cactus.com\/blog\/index.php\/wp-json\/wp\/v2\/pages\/1317","targetHints":{"allow":["GET"]}}],"collection":[{"href":"https:\/\/www.miss-cactus.com\/blog\/index.php\/wp-json\/wp\/v2\/pages"}],"about":[{"href":"https:\/\/www.miss-cactus.com\/blog\/index.php\/wp-json\/wp\/v2\/types\/page"}],"author":[{"embeddable":true,"href":"https:\/\/www.miss-cactus.com\/blog\/index.php\/wp-json\/wp\/v2\/users\/1"}],"replies":[{"embeddable":true,"href":"https:\/\/www.miss-cactus.com\/blog\/index.php\/wp-json\/wp\/v2\/comments?post=1317"}],"version-history":[{"count":1,"href":"https:\/\/www.miss-cactus.com\/blog\/index.php\/wp-json\/wp\/v2\/pages\/1317\/revisions"}],"predecessor-version":[{"id":1318,"href":"https:\/\/www.miss-cactus.com\/blog\/index.php\/wp-json\/wp\/v2\/pages\/1317\/revisions\/1318"}],"wp:attachment":[{"href":"https:\/\/www.miss-cactus.com\/blog\/index.php\/wp-json\/wp\/v2\/media?parent=1317"}],"curies":[{"name":"wp","href":"https:\/\/api.w.org\/{rel}","templated":true}]}}