{"id":1311,"date":"2019-09-16T14:40:18","date_gmt":"2019-09-16T12:40:18","guid":{"rendered":"https:\/\/www.miss-cactus.com\/?page_id=1311"},"modified":"2019-09-16T14:40:19","modified_gmt":"2019-09-16T12:40:19","slug":"smocks-en-couture-definition","status":"publish","type":"page","link":"https:\/\/www.miss-cactus.com\/blog\/index.php\/smocks-en-couture-definition\/","title":{"rendered":"Smocks en couture : d\u00e9finition"},"content":{"rendered":"\n<div class=\"wp-block-media-text alignwide\"><figure class=\"wp-block-media-text__media\"><\/figure><div class=\"wp-block-media-text__content\">\n<p>(d\u00e9finition pour son utilisation usuelle) : fronces d\u00e9coratives, r\u00e9alis\u00e9es sur plusieurs rang\u00e9es avec du fil \u00e9lastique, qui rend la zone smock\u00e9e \u00e9lastique.<br><\/p>\n<\/div><\/div>\n","protected":false},"excerpt":{"rendered":"<p>(d\u00e9finition pour son utilisation usuelle) : fronces d\u00e9coratives, r\u00e9alis\u00e9es sur plusieurs rang\u00e9es avec du fil \u00e9lastique, qui rend la zone smock\u00e9e \u00e9lastique.<\/p>\n","protected":false},"author":1,"featured_media":0,"parent":0,"menu_order":0,"comment_status":"closed","ping_status":"closed","template":"","meta":{"footnotes":""},"class_list":["post-1311","page","type-page","status-publish","hentry"],"_links":{"self":[{"href":"https:\/\/www.miss-cactus.com\/blog\/index.php\/wp-json\/wp\/v2\/pages\/1311","targetHints":{"allow":["GET"]}}],"collection":[{"href":"https:\/\/www.miss-cactus.com\/blog\/index.php\/wp-json\/wp\/v2\/pages"}],"about":[{"href":"https:\/\/www.miss-cactus.com\/blog\/index.php\/wp-json\/wp\/v2\/types\/page"}],"author":[{"embeddable":true,"href":"https:\/\/www.miss-cactus.com\/blog\/index.php\/wp-json\/wp\/v2\/users\/1"}],"replies":[{"embeddable":true,"href":"https:\/\/www.miss-cactus.com\/blog\/index.php\/wp-json\/wp\/v2\/comments?post=1311"}],"version-history":[{"count":1,"href":"https:\/\/www.miss-cactus.com\/blog\/index.php\/wp-json\/wp\/v2\/pages\/1311\/revisions"}],"predecessor-version":[{"id":1312,"href":"https:\/\/www.miss-cactus.com\/blog\/index.php\/wp-json\/wp\/v2\/pages\/1311\/revisions\/1312"}],"wp:attachment":[{"href":"https:\/\/www.miss-cactus.com\/blog\/index.php\/wp-json\/wp\/v2\/media?parent=1311"}],"curies":[{"name":"wp","href":"https:\/\/api.w.org\/{rel}","templated":true}]}}