{"id":1301,"date":"2019-09-16T14:30:02","date_gmt":"2019-09-16T12:30:02","guid":{"rendered":"https:\/\/www.miss-cactus.com\/?page_id=1301"},"modified":"2019-09-16T14:30:03","modified_gmt":"2019-09-16T12:30:03","slug":"point-darret-en-couture-a-la-machine-definition","status":"publish","type":"page","link":"https:\/\/www.miss-cactus.com\/blog\/index.php\/point-darret-en-couture-a-la-machine-definition\/","title":{"rendered":"Point d\u2019arr\u00eat en couture \u00e0 la machine : d\u00e9finition"},"content":{"rendered":"\n<div class=\"wp-block-media-text alignwide\"><figure class=\"wp-block-media-text__media\"><\/figure><div class=\"wp-block-media-text__content\">\n<p>Quelques points arri\u00e8re (en reculant) r\u00e9alis\u00e9s au d\u00e9but et \u00e0 la fin d\u2019une piq\u00fbre pour arr\u00eater le fil<br><\/p>\n<\/div><\/div>\n","protected":false},"excerpt":{"rendered":"<p>Quelques points arri\u00e8re (en reculant) r\u00e9alis\u00e9s au d\u00e9but et \u00e0 la fin d\u2019une piq\u00fbre pour arr\u00eater le fil<\/p>\n","protected":false},"author":1,"featured_media":0,"parent":0,"menu_order":0,"comment_status":"closed","ping_status":"closed","template":"","meta":{"footnotes":""},"class_list":["post-1301","page","type-page","status-publish","hentry"],"_links":{"self":[{"href":"https:\/\/www.miss-cactus.com\/blog\/index.php\/wp-json\/wp\/v2\/pages\/1301","targetHints":{"allow":["GET"]}}],"collection":[{"href":"https:\/\/www.miss-cactus.com\/blog\/index.php\/wp-json\/wp\/v2\/pages"}],"about":[{"href":"https:\/\/www.miss-cactus.com\/blog\/index.php\/wp-json\/wp\/v2\/types\/page"}],"author":[{"embeddable":true,"href":"https:\/\/www.miss-cactus.com\/blog\/index.php\/wp-json\/wp\/v2\/users\/1"}],"replies":[{"embeddable":true,"href":"https:\/\/www.miss-cactus.com\/blog\/index.php\/wp-json\/wp\/v2\/comments?post=1301"}],"version-history":[{"count":1,"href":"https:\/\/www.miss-cactus.com\/blog\/index.php\/wp-json\/wp\/v2\/pages\/1301\/revisions"}],"predecessor-version":[{"id":1302,"href":"https:\/\/www.miss-cactus.com\/blog\/index.php\/wp-json\/wp\/v2\/pages\/1301\/revisions\/1302"}],"wp:attachment":[{"href":"https:\/\/www.miss-cactus.com\/blog\/index.php\/wp-json\/wp\/v2\/media?parent=1301"}],"curies":[{"name":"wp","href":"https:\/\/api.w.org\/{rel}","templated":true}]}}