{"id":1299,"date":"2019-09-16T14:29:58","date_gmt":"2019-09-16T12:29:58","guid":{"rendered":"https:\/\/www.miss-cactus.com\/?page_id=1299"},"modified":"2019-09-16T14:29:59","modified_gmt":"2019-09-16T12:29:59","slug":"plan-de-coupe-en-couture-definition","status":"publish","type":"page","link":"https:\/\/www.miss-cactus.com\/blog\/index.php\/plan-de-coupe-en-couture-definition\/","title":{"rendered":"Plan de coupe en couture : d\u00e9finition"},"content":{"rendered":"\n<div class=\"wp-block-media-text alignwide\"><figure class=\"wp-block-media-text__media\"><img decoding=\"async\" width=\"1024\" height=\"401\" src=\"https:\/\/www.miss-cactus.com\/wp-content\/uploads\/2019\/09\/Croquis_coupe_RoseTango_Doublure-1024x401.png\" alt=\"\" class=\"wp-image-1142\" srcset=\"https:\/\/www.miss-cactus.com\/blog\/wp-content\/uploads\/2019\/09\/Croquis_coupe_RoseTango_Doublure-1024x401.png 1024w, https:\/\/www.miss-cactus.com\/blog\/wp-content\/uploads\/2019\/09\/Croquis_coupe_RoseTango_Doublure-300x118.png 300w, https:\/\/www.miss-cactus.com\/blog\/wp-content\/uploads\/2019\/09\/Croquis_coupe_RoseTango_Doublure-768x301.png 768w, https:\/\/www.miss-cactus.com\/blog\/wp-content\/uploads\/2019\/09\/Croquis_coupe_RoseTango_Doublure-750x294.png 750w, https:\/\/www.miss-cactus.com\/blog\/wp-content\/uploads\/2019\/09\/Croquis_coupe_RoseTango_Doublure-400x157.png 400w, https:\/\/www.miss-cactus.com\/blog\/wp-content\/uploads\/2019\/09\/Croquis_coupe_RoseTango_Doublure-430x168.png 430w, https:\/\/www.miss-cactus.com\/blog\/wp-content\/uploads\/2019\/09\/Croquis_coupe_RoseTango_Doublure-150x59.png 150w, https:\/\/www.miss-cactus.com\/blog\/wp-content\/uploads\/2019\/09\/Croquis_coupe_RoseTango_Doublure-100x39.png 100w, https:\/\/www.miss-cactus.com\/blog\/wp-content\/uploads\/2019\/09\/Croquis_coupe_RoseTango_Doublure.png 1848w\" sizes=\"(max-width: 1024px) 100vw, 1024px\" \/><\/figure><div class=\"wp-block-media-text__content\">\n<p>Sch\u00e9ma qui indique comment placer de fa\u00e7on optimale les diff\u00e9rentes pi\u00e8ces du patron sur le tissu avant sa coupe et ainsi \u00e9viter le g\u00e2chis.<br><\/p>\n<\/div><\/div>\n","protected":false},"excerpt":{"rendered":"<p>Sch\u00e9ma qui indique comment placer de fa\u00e7on optimale les diff\u00e9rentes pi\u00e8ces du patron sur le tissu avant sa coupe et ainsi \u00e9viter le g\u00e2chis.<\/p>\n","protected":false},"author":1,"featured_media":0,"parent":0,"menu_order":0,"comment_status":"closed","ping_status":"closed","template":"","meta":{"footnotes":""},"class_list":["post-1299","page","type-page","status-publish","hentry"],"_links":{"self":[{"href":"https:\/\/www.miss-cactus.com\/blog\/index.php\/wp-json\/wp\/v2\/pages\/1299","targetHints":{"allow":["GET"]}}],"collection":[{"href":"https:\/\/www.miss-cactus.com\/blog\/index.php\/wp-json\/wp\/v2\/pages"}],"about":[{"href":"https:\/\/www.miss-cactus.com\/blog\/index.php\/wp-json\/wp\/v2\/types\/page"}],"author":[{"embeddable":true,"href":"https:\/\/www.miss-cactus.com\/blog\/index.php\/wp-json\/wp\/v2\/users\/1"}],"replies":[{"embeddable":true,"href":"https:\/\/www.miss-cactus.com\/blog\/index.php\/wp-json\/wp\/v2\/comments?post=1299"}],"version-history":[{"count":1,"href":"https:\/\/www.miss-cactus.com\/blog\/index.php\/wp-json\/wp\/v2\/pages\/1299\/revisions"}],"predecessor-version":[{"id":1300,"href":"https:\/\/www.miss-cactus.com\/blog\/index.php\/wp-json\/wp\/v2\/pages\/1299\/revisions\/1300"}],"wp:attachment":[{"href":"https:\/\/www.miss-cactus.com\/blog\/index.php\/wp-json\/wp\/v2\/media?parent=1299"}],"curies":[{"name":"wp","href":"https:\/\/api.w.org\/{rel}","templated":true}]}}