{"id":1297,"date":"2019-09-16T14:29:53","date_gmt":"2019-09-16T12:29:53","guid":{"rendered":"https:\/\/www.miss-cactus.com\/?page_id=1297"},"modified":"2019-09-16T14:29:54","modified_gmt":"2019-09-16T12:29:54","slug":"pince-en-couture-definition","status":"publish","type":"page","link":"https:\/\/www.miss-cactus.com\/blog\/index.php\/pince-en-couture-definition\/","title":{"rendered":"Pince en couture : d\u00e9finition"},"content":{"rendered":"\n<div class=\"wp-block-media-text alignwide\"><figure class=\"wp-block-media-text__media\"><\/figure><div class=\"wp-block-media-text__content\">\n<p>Pli de forme triangulaire, cousu sur l\u2019envers du tissu, qui sert \u00e0 ajuster un v\u00eatement et donner du volume au niveau de formes particuli\u00e8res de la silhouette (comme la poitrine, la cambrure\u2026)<br><\/p>\n<\/div><\/div>\n","protected":false},"excerpt":{"rendered":"<p>Pli de forme triangulaire, cousu sur l\u2019envers du tissu, qui sert \u00e0 ajuster un v\u00eatement et donner du volume au niveau de formes particuli\u00e8res de la silhouette (comme la poitrine, [&hellip;]<\/p>\n","protected":false},"author":1,"featured_media":0,"parent":0,"menu_order":0,"comment_status":"closed","ping_status":"closed","template":"","meta":{"footnotes":""},"class_list":["post-1297","page","type-page","status-publish","hentry"],"_links":{"self":[{"href":"https:\/\/www.miss-cactus.com\/blog\/index.php\/wp-json\/wp\/v2\/pages\/1297","targetHints":{"allow":["GET"]}}],"collection":[{"href":"https:\/\/www.miss-cactus.com\/blog\/index.php\/wp-json\/wp\/v2\/pages"}],"about":[{"href":"https:\/\/www.miss-cactus.com\/blog\/index.php\/wp-json\/wp\/v2\/types\/page"}],"author":[{"embeddable":true,"href":"https:\/\/www.miss-cactus.com\/blog\/index.php\/wp-json\/wp\/v2\/users\/1"}],"replies":[{"embeddable":true,"href":"https:\/\/www.miss-cactus.com\/blog\/index.php\/wp-json\/wp\/v2\/comments?post=1297"}],"version-history":[{"count":1,"href":"https:\/\/www.miss-cactus.com\/blog\/index.php\/wp-json\/wp\/v2\/pages\/1297\/revisions"}],"predecessor-version":[{"id":1298,"href":"https:\/\/www.miss-cactus.com\/blog\/index.php\/wp-json\/wp\/v2\/pages\/1297\/revisions\/1298"}],"wp:attachment":[{"href":"https:\/\/www.miss-cactus.com\/blog\/index.php\/wp-json\/wp\/v2\/media?parent=1297"}],"curies":[{"name":"wp","href":"https:\/\/api.w.org\/{rel}","templated":true}]}}