{"id":1294,"date":"2019-09-16T14:29:41","date_gmt":"2019-09-16T12:29:41","guid":{"rendered":"https:\/\/www.miss-cactus.com\/?page_id=1294"},"modified":"2019-09-16T14:29:42","modified_gmt":"2019-09-16T12:29:42","slug":"parmenture-dans-un-patron-couture-definition","status":"publish","type":"page","link":"https:\/\/www.miss-cactus.com\/blog\/index.php\/parmenture-dans-un-patron-couture-definition\/","title":{"rendered":"Parmenture dans un patron couture : d\u00e9finition"},"content":{"rendered":"\n<p>Pi\u00e8ce de tissu qui double, sert de finition et de renfort au niveau des ouvertures d\u2019un v\u00eatement. Souvent utiliser pour l\u2019encolure, elle a la m\u00eame d\u00e9coupe que la pi\u00e8ce principale au niveau de l\u2019encolure, <a href=\"https:\/\/www.miss-cactus.com\/?page_id=1265\">se coud endroit contre endroit <\/a>avec celle-ci et se retourne \u00e0 l\u2019int\u00e9rieur.<\/p>\n","protected":false},"excerpt":{"rendered":"<p>Pi\u00e8ce de tissu qui double, sert de finition et de renfort au niveau des ouvertures d\u2019un v\u00eatement. Souvent utiliser pour l\u2019encolure, elle a la m\u00eame d\u00e9coupe que la pi\u00e8ce principale [&hellip;]<\/p>\n","protected":false},"author":1,"featured_media":0,"parent":0,"menu_order":0,"comment_status":"closed","ping_status":"closed","template":"","meta":{"footnotes":""},"class_list":["post-1294","page","type-page","status-publish","hentry"],"_links":{"self":[{"href":"https:\/\/www.miss-cactus.com\/blog\/index.php\/wp-json\/wp\/v2\/pages\/1294","targetHints":{"allow":["GET"]}}],"collection":[{"href":"https:\/\/www.miss-cactus.com\/blog\/index.php\/wp-json\/wp\/v2\/pages"}],"about":[{"href":"https:\/\/www.miss-cactus.com\/blog\/index.php\/wp-json\/wp\/v2\/types\/page"}],"author":[{"embeddable":true,"href":"https:\/\/www.miss-cactus.com\/blog\/index.php\/wp-json\/wp\/v2\/users\/1"}],"replies":[{"embeddable":true,"href":"https:\/\/www.miss-cactus.com\/blog\/index.php\/wp-json\/wp\/v2\/comments?post=1294"}],"version-history":[{"count":2,"href":"https:\/\/www.miss-cactus.com\/blog\/index.php\/wp-json\/wp\/v2\/pages\/1294\/revisions"}],"predecessor-version":[{"id":1296,"href":"https:\/\/www.miss-cactus.com\/blog\/index.php\/wp-json\/wp\/v2\/pages\/1294\/revisions\/1296"}],"wp:attachment":[{"href":"https:\/\/www.miss-cactus.com\/blog\/index.php\/wp-json\/wp\/v2\/media?parent=1294"}],"curies":[{"name":"wp","href":"https:\/\/api.w.org\/{rel}","templated":true}]}}