{"id":1288,"date":"2019-09-16T14:27:56","date_gmt":"2019-09-16T12:27:56","guid":{"rendered":"https:\/\/www.miss-cactus.com\/?page_id=1288"},"modified":"2019-09-17T13:23:03","modified_gmt":"2019-09-17T11:23:03","slug":"marge-de-couture-definition","status":"publish","type":"page","link":"https:\/\/www.miss-cactus.com\/blog\/index.php\/marge-de-couture-definition\/","title":{"rendered":"Marge de couture : d\u00e9finition"},"content":{"rendered":"\n<div class=\"wp-block-media-text alignwide\"><figure class=\"wp-block-media-text__media\"><\/figure><div class=\"wp-block-media-text__content\">\n<p>Largeur de tissu entre la couture d\u2019assemblage et le bord du tissu.<\/p>\n\n\n\n<ul class=\"wp-block-list\"><li>Soit les marges de couture sont d\u00e9j\u00e0 <strong>comprises <\/strong>dans le patron => dans ce cas, il faut couper le tissu au ras des lignes du patron<\/li><li>Soit elles ne sont <strong>pas comprises <\/strong>=> dans ce second cas, il faut bien penser \u00e0 les ajouter au moment de la d\u00e9coupe, c&rsquo;est-\u00e0-dire \u00e0 couper le tissu en ajoutant cette mesure au-del\u00e0 de la ligne du patron, sur tout le tour de la pi\u00e8ce du patron<\/li><\/ul>\n<\/div><\/div>\n","protected":false},"excerpt":{"rendered":"<p>Largeur de tissu entre la couture d\u2019assemblage et le bord du tissu. Soit les marges de couture sont d\u00e9j\u00e0 comprises dans le patron => dans ce cas, il faut couper [&hellip;]<\/p>\n","protected":false},"author":1,"featured_media":0,"parent":0,"menu_order":0,"comment_status":"closed","ping_status":"closed","template":"","meta":{"footnotes":""},"class_list":["post-1288","page","type-page","status-publish","hentry"],"_links":{"self":[{"href":"https:\/\/www.miss-cactus.com\/blog\/index.php\/wp-json\/wp\/v2\/pages\/1288","targetHints":{"allow":["GET"]}}],"collection":[{"href":"https:\/\/www.miss-cactus.com\/blog\/index.php\/wp-json\/wp\/v2\/pages"}],"about":[{"href":"https:\/\/www.miss-cactus.com\/blog\/index.php\/wp-json\/wp\/v2\/types\/page"}],"author":[{"embeddable":true,"href":"https:\/\/www.miss-cactus.com\/blog\/index.php\/wp-json\/wp\/v2\/users\/1"}],"replies":[{"embeddable":true,"href":"https:\/\/www.miss-cactus.com\/blog\/index.php\/wp-json\/wp\/v2\/comments?post=1288"}],"version-history":[{"count":2,"href":"https:\/\/www.miss-cactus.com\/blog\/index.php\/wp-json\/wp\/v2\/pages\/1288\/revisions"}],"predecessor-version":[{"id":1381,"href":"https:\/\/www.miss-cactus.com\/blog\/index.php\/wp-json\/wp\/v2\/pages\/1288\/revisions\/1381"}],"wp:attachment":[{"href":"https:\/\/www.miss-cactus.com\/blog\/index.php\/wp-json\/wp\/v2\/media?parent=1288"}],"curies":[{"name":"wp","href":"https:\/\/api.w.org\/{rel}","templated":true}]}}