{"id":1277,"date":"2019-09-16T14:23:40","date_gmt":"2019-09-16T12:23:40","guid":{"rendered":"https:\/\/www.miss-cactus.com\/?page_id=1277"},"modified":"2019-09-16T14:23:41","modified_gmt":"2019-09-16T12:23:41","slug":"gradation-dans-les-patrons-de-couture-definition","status":"publish","type":"page","link":"https:\/\/www.miss-cactus.com\/blog\/index.php\/gradation-dans-les-patrons-de-couture-definition\/","title":{"rendered":"Gradation dans les patrons de couture : d\u00e9finition"},"content":{"rendered":"\n<div class=\"wp-block-media-text alignwide\"><figure class=\"wp-block-media-text__media\"><img decoding=\"async\" width=\"1024\" height=\"744\" src=\"https:\/\/www.miss-cactus.com\/wp-content\/uploads\/2019\/09\/PetitePrincesse_Piece1_1sur3-1024x744.png\" alt=\"\" class=\"wp-image-1146\" srcset=\"https:\/\/www.miss-cactus.com\/blog\/wp-content\/uploads\/2019\/09\/PetitePrincesse_Piece1_1sur3-1024x744.png 1024w, https:\/\/www.miss-cactus.com\/blog\/wp-content\/uploads\/2019\/09\/PetitePrincesse_Piece1_1sur3-300x218.png 300w, https:\/\/www.miss-cactus.com\/blog\/wp-content\/uploads\/2019\/09\/PetitePrincesse_Piece1_1sur3-768x558.png 768w, https:\/\/www.miss-cactus.com\/blog\/wp-content\/uploads\/2019\/09\/PetitePrincesse_Piece1_1sur3-750x545.png 750w, https:\/\/www.miss-cactus.com\/blog\/wp-content\/uploads\/2019\/09\/PetitePrincesse_Piece1_1sur3-400x291.png 400w, https:\/\/www.miss-cactus.com\/blog\/wp-content\/uploads\/2019\/09\/PetitePrincesse_Piece1_1sur3-430x312.png 430w, https:\/\/www.miss-cactus.com\/blog\/wp-content\/uploads\/2019\/09\/PetitePrincesse_Piece1_1sur3-150x109.png 150w, https:\/\/www.miss-cactus.com\/blog\/wp-content\/uploads\/2019\/09\/PetitePrincesse_Piece1_1sur3-100x73.png 100w\" sizes=\"(max-width: 1024px) 100vw, 1024px\" \/><\/figure><div class=\"wp-block-media-text__content\">\n<p>Ensemble des diff\u00e9rentes tailles repr\u00e9sent\u00e9es sur un patron<br><\/p>\n<\/div><\/div>\n","protected":false},"excerpt":{"rendered":"<p>Ensemble des diff\u00e9rentes tailles repr\u00e9sent\u00e9es sur un patron<\/p>\n","protected":false},"author":1,"featured_media":0,"parent":0,"menu_order":0,"comment_status":"closed","ping_status":"closed","template":"","meta":{"footnotes":""},"class_list":["post-1277","page","type-page","status-publish","hentry"],"_links":{"self":[{"href":"https:\/\/www.miss-cactus.com\/blog\/index.php\/wp-json\/wp\/v2\/pages\/1277","targetHints":{"allow":["GET"]}}],"collection":[{"href":"https:\/\/www.miss-cactus.com\/blog\/index.php\/wp-json\/wp\/v2\/pages"}],"about":[{"href":"https:\/\/www.miss-cactus.com\/blog\/index.php\/wp-json\/wp\/v2\/types\/page"}],"author":[{"embeddable":true,"href":"https:\/\/www.miss-cactus.com\/blog\/index.php\/wp-json\/wp\/v2\/users\/1"}],"replies":[{"embeddable":true,"href":"https:\/\/www.miss-cactus.com\/blog\/index.php\/wp-json\/wp\/v2\/comments?post=1277"}],"version-history":[{"count":1,"href":"https:\/\/www.miss-cactus.com\/blog\/index.php\/wp-json\/wp\/v2\/pages\/1277\/revisions"}],"predecessor-version":[{"id":1278,"href":"https:\/\/www.miss-cactus.com\/blog\/index.php\/wp-json\/wp\/v2\/pages\/1277\/revisions\/1278"}],"wp:attachment":[{"href":"https:\/\/www.miss-cactus.com\/blog\/index.php\/wp-json\/wp\/v2\/media?parent=1277"}],"curies":[{"name":"wp","href":"https:\/\/api.w.org\/{rel}","templated":true}]}}