{"id":1271,"date":"2019-09-16T14:14:49","date_gmt":"2019-09-16T12:14:49","guid":{"rendered":"https:\/\/www.miss-cactus.com\/?page_id=1271"},"modified":"2019-09-16T14:14:50","modified_gmt":"2019-09-16T12:14:50","slug":"epingle-de-couture-definition","status":"publish","type":"page","link":"https:\/\/www.miss-cactus.com\/blog\/index.php\/epingle-de-couture-definition\/","title":{"rendered":"\u00c9pingle de couture : d\u00e9finition"},"content":{"rendered":"\n<div class=\"wp-block-media-text alignwide\"><figure class=\"wp-block-media-text__media\"><img decoding=\"async\" width=\"1000\" height=\"688\" src=\"https:\/\/www.miss-cactus.com\/wp-content\/uploads\/2019\/06\/IMG_0347-1.jpg\" alt=\"\" class=\"wp-image-772\" srcset=\"https:\/\/www.miss-cactus.com\/blog\/wp-content\/uploads\/2019\/06\/IMG_0347-1.jpg 1000w, https:\/\/www.miss-cactus.com\/blog\/wp-content\/uploads\/2019\/06\/IMG_0347-1-300x206.jpg 300w, https:\/\/www.miss-cactus.com\/blog\/wp-content\/uploads\/2019\/06\/IMG_0347-1-768x528.jpg 768w\" sizes=\"(max-width: 1000px) 100vw, 1000px\" \/><\/figure><div class=\"wp-block-media-text__content\">\n<p>Fine tige de m\u00e9tal, pointue \u00e0 une extr\u00e9mit\u00e9 et munie \u00e0 l\u2019autre d\u2019une t\u00eate, plate ou ronde (en verre ou en plastique)<\/p>\n\n\n\n<p>Plus elle est fine, moins elle ab\u00eemera le tissu piqu\u00e9. Attention, une pointe \u00e9mouss\u00e9e risque de casser les fils de la trame du tissu, l\u2019accrocher, le d\u00e9chirer.<\/p>\n<\/div><\/div>\n","protected":false},"excerpt":{"rendered":"<p>Fine tige de m\u00e9tal, pointue \u00e0 une extr\u00e9mit\u00e9 et munie \u00e0 l\u2019autre d\u2019une t\u00eate, plate ou ronde (en verre ou en plastique) Plus elle est fine, moins elle ab\u00eemera le [&hellip;]<\/p>\n","protected":false},"author":1,"featured_media":0,"parent":0,"menu_order":0,"comment_status":"closed","ping_status":"closed","template":"","meta":{"footnotes":""},"class_list":["post-1271","page","type-page","status-publish","hentry"],"_links":{"self":[{"href":"https:\/\/www.miss-cactus.com\/blog\/index.php\/wp-json\/wp\/v2\/pages\/1271","targetHints":{"allow":["GET"]}}],"collection":[{"href":"https:\/\/www.miss-cactus.com\/blog\/index.php\/wp-json\/wp\/v2\/pages"}],"about":[{"href":"https:\/\/www.miss-cactus.com\/blog\/index.php\/wp-json\/wp\/v2\/types\/page"}],"author":[{"embeddable":true,"href":"https:\/\/www.miss-cactus.com\/blog\/index.php\/wp-json\/wp\/v2\/users\/1"}],"replies":[{"embeddable":true,"href":"https:\/\/www.miss-cactus.com\/blog\/index.php\/wp-json\/wp\/v2\/comments?post=1271"}],"version-history":[{"count":1,"href":"https:\/\/www.miss-cactus.com\/blog\/index.php\/wp-json\/wp\/v2\/pages\/1271\/revisions"}],"predecessor-version":[{"id":1272,"href":"https:\/\/www.miss-cactus.com\/blog\/index.php\/wp-json\/wp\/v2\/pages\/1271\/revisions\/1272"}],"wp:attachment":[{"href":"https:\/\/www.miss-cactus.com\/blog\/index.php\/wp-json\/wp\/v2\/media?parent=1271"}],"curies":[{"name":"wp","href":"https:\/\/api.w.org\/{rel}","templated":true}]}}