{"id":1267,"date":"2019-09-16T14:14:38","date_gmt":"2019-09-16T12:14:38","guid":{"rendered":"https:\/\/www.miss-cactus.com\/?page_id=1267"},"modified":"2019-09-16T14:14:39","modified_gmt":"2019-09-16T12:14:39","slug":"entoilage-thermocollant-ou-vlieseline-definition","status":"publish","type":"page","link":"https:\/\/www.miss-cactus.com\/blog\/index.php\/entoilage-thermocollant-ou-vlieseline-definition\/","title":{"rendered":"Entoilage thermocollant ou Vlieseline : d\u00e9finition"},"content":{"rendered":"\n<div class=\"wp-block-media-text alignwide\"><figure class=\"wp-block-media-text__media\"><img decoding=\"async\" width=\"1000\" height=\"688\" src=\"https:\/\/www.miss-cactus.com\/wp-content\/uploads\/2019\/09\/DSC0769.jpg\" alt=\"\" class=\"wp-image-1105\" srcset=\"https:\/\/www.miss-cactus.com\/blog\/wp-content\/uploads\/2019\/09\/DSC0769.jpg 1000w, https:\/\/www.miss-cactus.com\/blog\/wp-content\/uploads\/2019\/09\/DSC0769-300x206.jpg 300w, https:\/\/www.miss-cactus.com\/blog\/wp-content\/uploads\/2019\/09\/DSC0769-768x528.jpg 768w, https:\/\/www.miss-cactus.com\/blog\/wp-content\/uploads\/2019\/09\/DSC0769-750x516.jpg 750w, https:\/\/www.miss-cactus.com\/blog\/wp-content\/uploads\/2019\/09\/DSC0769-400x275.jpg 400w, https:\/\/www.miss-cactus.com\/blog\/wp-content\/uploads\/2019\/09\/DSC0769-430x296.jpg 430w, https:\/\/www.miss-cactus.com\/blog\/wp-content\/uploads\/2019\/09\/DSC0769-150x103.jpg 150w, https:\/\/www.miss-cactus.com\/blog\/wp-content\/uploads\/2019\/09\/DSC0769-100x69.jpg 100w\" sizes=\"(max-width: 1000px) 100vw, 1000px\" \/><\/figure><div class=\"wp-block-media-text__content\">\n<p>Toile \u00e0 coller par l\u2019action du fer \u00e0 repasser \u00e0 un tissu pour le rigidifier. Par exemple utilis\u00e9 pour rigidifier la doublure d\u2019un sac, ou les parties pr\u00e9cises d\u2019un v\u00eatement comme un col ou une ceinture. La Vliesline vient du nom de la marque.<br><\/p>\n<\/div><\/div>\n","protected":false},"excerpt":{"rendered":"<p>Toile \u00e0 coller par l\u2019action du fer \u00e0 repasser \u00e0 un tissu pour le rigidifier. Par exemple utilis\u00e9 pour rigidifier la doublure d\u2019un sac, ou les parties pr\u00e9cises d\u2019un v\u00eatement [&hellip;]<\/p>\n","protected":false},"author":1,"featured_media":0,"parent":0,"menu_order":0,"comment_status":"closed","ping_status":"closed","template":"","meta":{"footnotes":""},"class_list":["post-1267","page","type-page","status-publish","hentry"],"_links":{"self":[{"href":"https:\/\/www.miss-cactus.com\/blog\/index.php\/wp-json\/wp\/v2\/pages\/1267","targetHints":{"allow":["GET"]}}],"collection":[{"href":"https:\/\/www.miss-cactus.com\/blog\/index.php\/wp-json\/wp\/v2\/pages"}],"about":[{"href":"https:\/\/www.miss-cactus.com\/blog\/index.php\/wp-json\/wp\/v2\/types\/page"}],"author":[{"embeddable":true,"href":"https:\/\/www.miss-cactus.com\/blog\/index.php\/wp-json\/wp\/v2\/users\/1"}],"replies":[{"embeddable":true,"href":"https:\/\/www.miss-cactus.com\/blog\/index.php\/wp-json\/wp\/v2\/comments?post=1267"}],"version-history":[{"count":1,"href":"https:\/\/www.miss-cactus.com\/blog\/index.php\/wp-json\/wp\/v2\/pages\/1267\/revisions"}],"predecessor-version":[{"id":1268,"href":"https:\/\/www.miss-cactus.com\/blog\/index.php\/wp-json\/wp\/v2\/pages\/1267\/revisions\/1268"}],"wp:attachment":[{"href":"https:\/\/www.miss-cactus.com\/blog\/index.php\/wp-json\/wp\/v2\/media?parent=1267"}],"curies":[{"name":"wp","href":"https:\/\/api.w.org\/{rel}","templated":true}]}}