{"id":1247,"date":"2019-09-16T14:12:31","date_gmt":"2019-09-16T12:12:31","guid":{"rendered":"https:\/\/www.miss-cactus.com\/?page_id=1247"},"modified":"2019-09-16T14:12:32","modified_gmt":"2019-09-16T12:12:32","slug":"droit-fil-en-couture-definition","status":"publish","type":"page","link":"https:\/\/www.miss-cactus.com\/blog\/index.php\/droit-fil-en-couture-definition\/","title":{"rendered":"Droit-fil en couture : d\u00e9finition"},"content":{"rendered":"\n<div class=\"wp-block-media-text alignwide\"><figure class=\"wp-block-media-text__media\"><img decoding=\"async\" width=\"1000\" height=\"687\" src=\"https:\/\/www.miss-cactus.com\/wp-content\/uploads\/2019\/09\/Droit_fil.png\" alt=\"\" class=\"wp-image-1133\" srcset=\"https:\/\/www.miss-cactus.com\/blog\/wp-content\/uploads\/2019\/09\/Droit_fil.png 1000w, https:\/\/www.miss-cactus.com\/blog\/wp-content\/uploads\/2019\/09\/Droit_fil-300x206.png 300w, https:\/\/www.miss-cactus.com\/blog\/wp-content\/uploads\/2019\/09\/Droit_fil-768x528.png 768w, https:\/\/www.miss-cactus.com\/blog\/wp-content\/uploads\/2019\/09\/Droit_fil-750x515.png 750w, https:\/\/www.miss-cactus.com\/blog\/wp-content\/uploads\/2019\/09\/Droit_fil-400x275.png 400w, https:\/\/www.miss-cactus.com\/blog\/wp-content\/uploads\/2019\/09\/Droit_fil-430x295.png 430w, https:\/\/www.miss-cactus.com\/blog\/wp-content\/uploads\/2019\/09\/Droit_fil-150x103.png 150w, https:\/\/www.miss-cactus.com\/blog\/wp-content\/uploads\/2019\/09\/Droit_fil-100x69.png 100w\" sizes=\"(max-width: 1000px) 100vw, 1000px\" \/><\/figure><div class=\"wp-block-media-text__content\">\n<p>Sens de la trame ou de la cha\u00eene du tissu, donc ligne parall\u00e8le ou perpendiculaire \u00e0 la lisi\u00e8re du tissu.<\/p>\n<\/div><\/div>\n\n\n\n<p>On peut donc faire la distinction&nbsp;:<\/p>\n\n\n\n<ul class=\"wp-block-list\"><li>Droit-fil ou droit-fil de cha\u00eene&nbsp;: sens parall\u00e8le aux fils de cha\u00eene, et donc parall\u00e8le \u00e0 la lisi\u00e8re<\/li><li>Droit-fil de trame&nbsp;: sens parall\u00e8le aux fils de trame, et donc perpendiculaire \u00e0 la lisi\u00e8re<\/li><\/ul>\n\n\n\n<p>Il faut bien couper les tissus en suivant le sens du droit-fil indiqu\u00e9 par une fl\u00e8che ou un trait sur le patron afin d\u2019\u00e9viter que le tissu, et donc le futur v\u00eatement, ne se d\u00e9forme.<\/p>\n\n\n\n<p>Retrouvez les d\u00e9finitions des mots utilis\u00e9s :<\/p>\n\n\n\n<ul class=\"wp-block-gallery columns-3 is-cropped wp-block-gallery-1 is-layout-flex wp-block-gallery-is-layout-flex\"><li class=\"blocks-gallery-item\"><figure><img decoding=\"async\" width=\"1000\" height=\"687\" src=\"https:\/\/www.miss-cactus.com\/wp-content\/uploads\/2019\/09\/Chaine.png\" alt=\"\" data-id=\"1136\" data-link=\"https:\/\/www.miss-cactus.com\/index.php\/petit-dico-de-couture\/chaine\/\" class=\"wp-image-1136\" srcset=\"https:\/\/www.miss-cactus.com\/blog\/wp-content\/uploads\/2019\/09\/Chaine.png 1000w, https:\/\/www.miss-cactus.com\/blog\/wp-content\/uploads\/2019\/09\/Chaine-300x206.png 300w, https:\/\/www.miss-cactus.com\/blog\/wp-content\/uploads\/2019\/09\/Chaine-768x528.png 768w, https:\/\/www.miss-cactus.com\/blog\/wp-content\/uploads\/2019\/09\/Chaine-750x515.png 750w, https:\/\/www.miss-cactus.com\/blog\/wp-content\/uploads\/2019\/09\/Chaine-400x275.png 400w, https:\/\/www.miss-cactus.com\/blog\/wp-content\/uploads\/2019\/09\/Chaine-430x295.png 430w, https:\/\/www.miss-cactus.com\/blog\/wp-content\/uploads\/2019\/09\/Chaine-150x103.png 150w, https:\/\/www.miss-cactus.com\/blog\/wp-content\/uploads\/2019\/09\/Chaine-100x69.png 100w\" sizes=\"(max-width: 1000px) 100vw, 1000px\" \/><figcaption><strong><a href=\"https:\/\/www.miss-cactus.com\/?page_id=1240\">D\u00e9finition de la cha\u00eene d&rsquo;un tissu<\/a><\/strong><\/figcaption><\/figure><\/li><li class=\"blocks-gallery-item\"><figure><img decoding=\"async\" width=\"1000\" height=\"687\" src=\"https:\/\/www.miss-cactus.com\/wp-content\/uploads\/2019\/09\/Trame.png\" alt=\"\" data-id=\"1134\" data-link=\"https:\/\/www.miss-cactus.com\/index.php\/petit-dico-de-couture\/trame\/\" class=\"wp-image-1134\" srcset=\"https:\/\/www.miss-cactus.com\/blog\/wp-content\/uploads\/2019\/09\/Trame.png 1000w, https:\/\/www.miss-cactus.com\/blog\/wp-content\/uploads\/2019\/09\/Trame-300x206.png 300w, https:\/\/www.miss-cactus.com\/blog\/wp-content\/uploads\/2019\/09\/Trame-768x528.png 768w, https:\/\/www.miss-cactus.com\/blog\/wp-content\/uploads\/2019\/09\/Trame-750x515.png 750w, https:\/\/www.miss-cactus.com\/blog\/wp-content\/uploads\/2019\/09\/Trame-400x275.png 400w, https:\/\/www.miss-cactus.com\/blog\/wp-content\/uploads\/2019\/09\/Trame-430x295.png 430w, https:\/\/www.miss-cactus.com\/blog\/wp-content\/uploads\/2019\/09\/Trame-150x103.png 150w, https:\/\/www.miss-cactus.com\/blog\/wp-content\/uploads\/2019\/09\/Trame-100x69.png 100w\" sizes=\"(max-width: 1000px) 100vw, 1000px\" \/><figcaption><strong><a href=\"https:\/\/www.miss-cactus.com\/?page_id=1250\">D\u00e9finition de la trame d&rsquo;un tissu<\/a><\/strong><\/figcaption><\/figure><\/li><li class=\"blocks-gallery-item\"><figure><img decoding=\"async\" width=\"1000\" height=\"687\" src=\"https:\/\/www.miss-cactus.com\/wp-content\/uploads\/2019\/09\/DSC0775-1.jpg\" alt=\"\" data-id=\"1248\" data-link=\"https:\/\/www.miss-cactus.com\/?attachment_id=1248\" class=\"wp-image-1248\" srcset=\"https:\/\/www.miss-cactus.com\/blog\/wp-content\/uploads\/2019\/09\/DSC0775-1.jpg 1000w, https:\/\/www.miss-cactus.com\/blog\/wp-content\/uploads\/2019\/09\/DSC0775-1-300x206.jpg 300w, https:\/\/www.miss-cactus.com\/blog\/wp-content\/uploads\/2019\/09\/DSC0775-1-768x528.jpg 768w, https:\/\/www.miss-cactus.com\/blog\/wp-content\/uploads\/2019\/09\/DSC0775-1-750x515.jpg 750w, https:\/\/www.miss-cactus.com\/blog\/wp-content\/uploads\/2019\/09\/DSC0775-1-400x275.jpg 400w, https:\/\/www.miss-cactus.com\/blog\/wp-content\/uploads\/2019\/09\/DSC0775-1-430x295.jpg 430w, https:\/\/www.miss-cactus.com\/blog\/wp-content\/uploads\/2019\/09\/DSC0775-1-150x103.jpg 150w, https:\/\/www.miss-cactus.com\/blog\/wp-content\/uploads\/2019\/09\/DSC0775-1-100x69.jpg 100w\" sizes=\"(max-width: 1000px) 100vw, 1000px\" \/><figcaption><a href=\"https:\/\/www.miss-cactus.com\/?page_id=1251\"><strong>D\u00e9finition de la lisi\u00e8re d&rsquo;un tissu<\/strong><\/a><\/figcaption><\/figure><\/li><\/ul>\n","protected":false},"excerpt":{"rendered":"<p>Sens de la trame ou de la cha\u00eene du tissu, donc ligne parall\u00e8le ou perpendiculaire \u00e0 la lisi\u00e8re du tissu. On peut donc faire la distinction&nbsp;: Droit-fil ou droit-fil de [&hellip;]<\/p>\n","protected":false},"author":1,"featured_media":0,"parent":0,"menu_order":0,"comment_status":"closed","ping_status":"closed","template":"","meta":{"footnotes":""},"class_list":["post-1247","page","type-page","status-publish","hentry"],"_links":{"self":[{"href":"https:\/\/www.miss-cactus.com\/blog\/index.php\/wp-json\/wp\/v2\/pages\/1247","targetHints":{"allow":["GET"]}}],"collection":[{"href":"https:\/\/www.miss-cactus.com\/blog\/index.php\/wp-json\/wp\/v2\/pages"}],"about":[{"href":"https:\/\/www.miss-cactus.com\/blog\/index.php\/wp-json\/wp\/v2\/types\/page"}],"author":[{"embeddable":true,"href":"https:\/\/www.miss-cactus.com\/blog\/index.php\/wp-json\/wp\/v2\/users\/1"}],"replies":[{"embeddable":true,"href":"https:\/\/www.miss-cactus.com\/blog\/index.php\/wp-json\/wp\/v2\/comments?post=1247"}],"version-history":[{"count":3,"href":"https:\/\/www.miss-cactus.com\/blog\/index.php\/wp-json\/wp\/v2\/pages\/1247\/revisions"}],"predecessor-version":[{"id":1331,"href":"https:\/\/www.miss-cactus.com\/blog\/index.php\/wp-json\/wp\/v2\/pages\/1247\/revisions\/1331"}],"wp:attachment":[{"href":"https:\/\/www.miss-cactus.com\/blog\/index.php\/wp-json\/wp\/v2\/media?parent=1247"}],"curies":[{"name":"wp","href":"https:\/\/api.w.org\/{rel}","templated":true}]}}