{"id":1245,"date":"2019-09-16T14:11:04","date_gmt":"2019-09-16T12:11:04","guid":{"rendered":"https:\/\/www.miss-cactus.com\/?page_id=1245"},"modified":"2019-09-16T14:11:05","modified_gmt":"2019-09-16T12:11:05","slug":"cranter-definition-couture","status":"publish","type":"page","link":"https:\/\/www.miss-cactus.com\/blog\/index.php\/cranter-definition-couture\/","title":{"rendered":"Cranter : d\u00e9finition couture"},"content":{"rendered":"\n<div class=\"wp-block-media-text alignwide\"><figure class=\"wp-block-media-text__media\"><\/figure><div class=\"wp-block-media-text__content\">\n<p>Faire des entailles aux ciseaux dans les \u00e9paisseurs du surplus de tissus, jusqu\u2019au bord de la couture, le long des coutures arrondies. C\u2019est tr\u00e8s important pour obtenir une couture plate et r\u00e9guli\u00e8re, qui ne tire pas ni se recroqueville dans les arrondis. Cela \u00e9vite aussi quelques sur-\u00e9paisseurs. <\/p>\n<\/div><\/div>\n","protected":false},"excerpt":{"rendered":"<p>Faire des entailles aux ciseaux dans les \u00e9paisseurs du surplus de tissus, jusqu\u2019au bord de la couture, le long des coutures arrondies. C\u2019est tr\u00e8s important pour obtenir une couture plate [&hellip;]<\/p>\n","protected":false},"author":1,"featured_media":0,"parent":0,"menu_order":0,"comment_status":"closed","ping_status":"closed","template":"","meta":{"footnotes":""},"class_list":["post-1245","page","type-page","status-publish","hentry"],"_links":{"self":[{"href":"https:\/\/www.miss-cactus.com\/blog\/index.php\/wp-json\/wp\/v2\/pages\/1245","targetHints":{"allow":["GET"]}}],"collection":[{"href":"https:\/\/www.miss-cactus.com\/blog\/index.php\/wp-json\/wp\/v2\/pages"}],"about":[{"href":"https:\/\/www.miss-cactus.com\/blog\/index.php\/wp-json\/wp\/v2\/types\/page"}],"author":[{"embeddable":true,"href":"https:\/\/www.miss-cactus.com\/blog\/index.php\/wp-json\/wp\/v2\/users\/1"}],"replies":[{"embeddable":true,"href":"https:\/\/www.miss-cactus.com\/blog\/index.php\/wp-json\/wp\/v2\/comments?post=1245"}],"version-history":[{"count":1,"href":"https:\/\/www.miss-cactus.com\/blog\/index.php\/wp-json\/wp\/v2\/pages\/1245\/revisions"}],"predecessor-version":[{"id":1246,"href":"https:\/\/www.miss-cactus.com\/blog\/index.php\/wp-json\/wp\/v2\/pages\/1245\/revisions\/1246"}],"wp:attachment":[{"href":"https:\/\/www.miss-cactus.com\/blog\/index.php\/wp-json\/wp\/v2\/media?parent=1245"}],"curies":[{"name":"wp","href":"https:\/\/api.w.org\/{rel}","templated":true}]}}