{"id":1234,"date":"2019-09-16T14:08:07","date_gmt":"2019-09-16T12:08:07","guid":{"rendered":"https:\/\/www.miss-cactus.com\/?page_id=1234"},"modified":"2019-09-16T14:08:08","modified_gmt":"2019-09-16T12:08:08","slug":"canette-pour-machine-a-coudre-definition","status":"publish","type":"page","link":"https:\/\/www.miss-cactus.com\/blog\/index.php\/canette-pour-machine-a-coudre-definition\/","title":{"rendered":"Canette pour machine \u00e0 coudre : d\u00e9finition"},"content":{"rendered":"\n<div class=\"wp-block-media-text alignwide\"><figure class=\"wp-block-media-text__media\"><img decoding=\"async\" width=\"1000\" height=\"688\" src=\"https:\/\/www.miss-cactus.com\/wp-content\/uploads\/2019\/09\/DSC0670-1.jpg\" alt=\"\" class=\"wp-image-1101\" srcset=\"https:\/\/www.miss-cactus.com\/blog\/wp-content\/uploads\/2019\/09\/DSC0670-1.jpg 1000w, https:\/\/www.miss-cactus.com\/blog\/wp-content\/uploads\/2019\/09\/DSC0670-1-300x206.jpg 300w, https:\/\/www.miss-cactus.com\/blog\/wp-content\/uploads\/2019\/09\/DSC0670-1-768x528.jpg 768w, https:\/\/www.miss-cactus.com\/blog\/wp-content\/uploads\/2019\/09\/DSC0670-1-750x516.jpg 750w, https:\/\/www.miss-cactus.com\/blog\/wp-content\/uploads\/2019\/09\/DSC0670-1-400x275.jpg 400w, https:\/\/www.miss-cactus.com\/blog\/wp-content\/uploads\/2019\/09\/DSC0670-1-430x296.jpg 430w, https:\/\/www.miss-cactus.com\/blog\/wp-content\/uploads\/2019\/09\/DSC0670-1-150x103.jpg 150w, https:\/\/www.miss-cactus.com\/blog\/wp-content\/uploads\/2019\/09\/DSC0670-1-100x69.jpg 100w\" sizes=\"(max-width: 1000px) 100vw, 1000px\" \/><\/figure><div class=\"wp-block-media-text__content\">\n<p>Petite bobine o\u00f9 l\u2019on enroule le fil. Elle permet l\u2019apport du deuxi\u00e8me fil, en plus de celui de la bobine, n\u00e9cessaire pour les coutures \u00e0 la machine. Il en existe en plastique ou en m\u00e9tal. Elle s\u2019embobine sur la machine \u00e0 coudre, puis se place sous la plaque de recouvrement. <\/p>\n<\/div><\/div>\n\n\n\n<p>Cliquez ici pour savoir <strong>comment<a href=\"https:\/\/www.miss-cactus.com\/?p=532\"> remplir et installer une canette sur une machine \u00e0 coudre<\/a><\/strong>.<\/p>\n","protected":false},"excerpt":{"rendered":"<p>Petite bobine o\u00f9 l\u2019on enroule le fil. Elle permet l\u2019apport du deuxi\u00e8me fil, en plus de celui de la bobine, n\u00e9cessaire pour les coutures \u00e0 la machine. Il en existe [&hellip;]<\/p>\n","protected":false},"author":1,"featured_media":0,"parent":0,"menu_order":0,"comment_status":"closed","ping_status":"closed","template":"","meta":{"footnotes":""},"class_list":["post-1234","page","type-page","status-publish","hentry"],"_links":{"self":[{"href":"https:\/\/www.miss-cactus.com\/blog\/index.php\/wp-json\/wp\/v2\/pages\/1234","targetHints":{"allow":["GET"]}}],"collection":[{"href":"https:\/\/www.miss-cactus.com\/blog\/index.php\/wp-json\/wp\/v2\/pages"}],"about":[{"href":"https:\/\/www.miss-cactus.com\/blog\/index.php\/wp-json\/wp\/v2\/types\/page"}],"author":[{"embeddable":true,"href":"https:\/\/www.miss-cactus.com\/blog\/index.php\/wp-json\/wp\/v2\/users\/1"}],"replies":[{"embeddable":true,"href":"https:\/\/www.miss-cactus.com\/blog\/index.php\/wp-json\/wp\/v2\/comments?post=1234"}],"version-history":[{"count":2,"href":"https:\/\/www.miss-cactus.com\/blog\/index.php\/wp-json\/wp\/v2\/pages\/1234\/revisions"}],"predecessor-version":[{"id":1237,"href":"https:\/\/www.miss-cactus.com\/blog\/index.php\/wp-json\/wp\/v2\/pages\/1234\/revisions\/1237"}],"wp:attachment":[{"href":"https:\/\/www.miss-cactus.com\/blog\/index.php\/wp-json\/wp\/v2\/media?parent=1234"}],"curies":[{"name":"wp","href":"https:\/\/api.w.org\/{rel}","templated":true}]}}