{"id":1230,"date":"2019-09-16T14:29:49","date_gmt":"2019-09-16T12:29:49","guid":{"rendered":"https:\/\/www.miss-cactus.com\/?page_id=1230"},"modified":"2019-09-16T14:29:50","modified_gmt":"2019-09-16T12:29:50","slug":"pied-ou-pied-presseur-sur-une-machine-a-coudre-definition","status":"publish","type":"page","link":"https:\/\/www.miss-cactus.com\/blog\/index.php\/pied-ou-pied-presseur-sur-une-machine-a-coudre-definition\/","title":{"rendered":"Pied ou pied-presseur sur une machine \u00e0 coudre : d\u00e9finition"},"content":{"rendered":"\n<div class=\"wp-block-media-text alignwide\"><figure class=\"wp-block-media-text__media\"><img decoding=\"async\" width=\"1000\" height=\"687\" src=\"https:\/\/www.miss-cactus.com\/wp-content\/uploads\/2019\/09\/DSC0714.jpg\" alt=\"\" class=\"wp-image-1107\" srcset=\"https:\/\/www.miss-cactus.com\/blog\/wp-content\/uploads\/2019\/09\/DSC0714.jpg 1000w, https:\/\/www.miss-cactus.com\/blog\/wp-content\/uploads\/2019\/09\/DSC0714-300x206.jpg 300w, https:\/\/www.miss-cactus.com\/blog\/wp-content\/uploads\/2019\/09\/DSC0714-768x528.jpg 768w, https:\/\/www.miss-cactus.com\/blog\/wp-content\/uploads\/2019\/09\/DSC0714-750x515.jpg 750w, https:\/\/www.miss-cactus.com\/blog\/wp-content\/uploads\/2019\/09\/DSC0714-400x275.jpg 400w, https:\/\/www.miss-cactus.com\/blog\/wp-content\/uploads\/2019\/09\/DSC0714-430x295.jpg 430w, https:\/\/www.miss-cactus.com\/blog\/wp-content\/uploads\/2019\/09\/DSC0714-150x103.jpg 150w, https:\/\/www.miss-cactus.com\/blog\/wp-content\/uploads\/2019\/09\/DSC0714-100x69.jpg 100w\" sizes=\"(max-width: 1000px) 100vw, 1000px\" \/><\/figure><div class=\"wp-block-media-text__content\">\n<p>Partie amovible de la machine \u00e0 coudre qui sert \u00e0 plaquer le tissu contre les griffes d\u2019entrainement pour faire avancer le tissu \u00e0 la bonne vitesse.<\/p>\n\n\n\n<p>Il existe diff\u00e9rents pieds selon le type de couture \u00e0 r\u00e9aliser&nbsp;ou de tissu \u00e0 coudre :<\/p>\n\n\n\n<ul class=\"wp-block-list\"><li>Pied universel (le pied de base)<\/li><li>Pied pour fermeture \u00e0 glissi\u00e8re (plus fin pour permettre de coudre au plus pr\u00e8s de la fermeture)<\/li><li>Pied en Teflon pour coudre des mati\u00e8res synth\u00e9tiques, qui adh\u00e8rent trop au pied standard ce qui emp\u00eache le tissu d\u2019avancer.<\/li><li>\u2026<\/li><\/ul>\n<\/div><\/div>\n\n\n\n<p>Cliquez ici pour visualiser <a href=\"https:\/\/www.miss-cactus.com\/?p=508\">l&#8217;emplacement du pied presseur sur la machine \u00e0 coudre<\/a>.<\/p>\n","protected":false},"excerpt":{"rendered":"<p>Partie amovible de la machine \u00e0 coudre qui sert \u00e0 plaquer le tissu contre les griffes d\u2019entrainement pour faire avancer le tissu \u00e0 la bonne vitesse. Il existe diff\u00e9rents pieds [&hellip;]<\/p>\n","protected":false},"author":1,"featured_media":0,"parent":0,"menu_order":0,"comment_status":"closed","ping_status":"closed","template":"","meta":{"footnotes":""},"class_list":["post-1230","page","type-page","status-publish","hentry"],"_links":{"self":[{"href":"https:\/\/www.miss-cactus.com\/blog\/index.php\/wp-json\/wp\/v2\/pages\/1230","targetHints":{"allow":["GET"]}}],"collection":[{"href":"https:\/\/www.miss-cactus.com\/blog\/index.php\/wp-json\/wp\/v2\/pages"}],"about":[{"href":"https:\/\/www.miss-cactus.com\/blog\/index.php\/wp-json\/wp\/v2\/types\/page"}],"author":[{"embeddable":true,"href":"https:\/\/www.miss-cactus.com\/blog\/index.php\/wp-json\/wp\/v2\/users\/1"}],"replies":[{"embeddable":true,"href":"https:\/\/www.miss-cactus.com\/blog\/index.php\/wp-json\/wp\/v2\/comments?post=1230"}],"version-history":[{"count":2,"href":"https:\/\/www.miss-cactus.com\/blog\/index.php\/wp-json\/wp\/v2\/pages\/1230\/revisions"}],"predecessor-version":[{"id":1233,"href":"https:\/\/www.miss-cactus.com\/blog\/index.php\/wp-json\/wp\/v2\/pages\/1230\/revisions\/1233"}],"wp:attachment":[{"href":"https:\/\/www.miss-cactus.com\/blog\/index.php\/wp-json\/wp\/v2\/media?parent=1230"}],"curies":[{"name":"wp","href":"https:\/\/api.w.org\/{rel}","templated":true}]}}