{"id":1204,"date":"2019-09-16T13:45:22","date_gmt":"2019-09-16T11:45:22","guid":{"rendered":"https:\/\/www.miss-cactus.com\/?page_id=1204"},"modified":"2019-09-16T13:45:24","modified_gmt":"2019-09-16T11:45:24","slug":"aiguille-pour-couture-a-la-main-definition","status":"publish","type":"page","link":"https:\/\/www.miss-cactus.com\/blog\/index.php\/aiguille-pour-couture-a-la-main-definition\/","title":{"rendered":"Aiguille pour couture \u00e0 la main : d\u00e9finition"},"content":{"rendered":"\n<div class=\"wp-block-media-text alignwide\"><figure class=\"wp-block-media-text__media\"><img decoding=\"async\" width=\"1000\" height=\"688\" src=\"https:\/\/www.miss-cactus.com\/wp-content\/uploads\/2019\/06\/IMG_0358.jpg\" alt=\"\" class=\"wp-image-771\" srcset=\"https:\/\/www.miss-cactus.com\/blog\/wp-content\/uploads\/2019\/06\/IMG_0358.jpg 1000w, https:\/\/www.miss-cactus.com\/blog\/wp-content\/uploads\/2019\/06\/IMG_0358-300x206.jpg 300w, https:\/\/www.miss-cactus.com\/blog\/wp-content\/uploads\/2019\/06\/IMG_0358-768x528.jpg 768w\" sizes=\"(max-width: 1000px) 100vw, 1000px\" \/><\/figure><div class=\"wp-block-media-text__content\">\n<p>Fine tige d\u2019acier, perc\u00e9e \u00e0 sa t\u00eate d\u2019un trou (le chas) o\u00f9 passe le fil et pointue \u00e0 son autre extr\u00e9mit\u00e9, utilis\u00e9e pour la couture \u00e0 la main.<\/p>\n\n\n\n<p>Il en existe de diff\u00e9rentes longueurs et \u00e9paisseurs, \u00e0 choisir selon le type de tissu \u00e0 piquer (plus celui-ci est fin, plus l\u2019aiguille doit \u00eatre fine \u00e9galement) et avec des chas plus ou moins gros, selon l\u2019\u00e9paisseur du fil utilis\u00e9.<br><\/p>\n<\/div><\/div>\n\n\n\n<p><strong><a href=\"https:\/\/www.miss-cactus.com\/?page_id=1207\">Les caract\u00e9ristiques des aiguilles pour machine \u00e0 coudre<\/a><\/strong> sont un peu diff\u00e9rentes. Plus pr\u00e9cis\u00e9ment encore, vous pouvez consulter l&rsquo;article r\u00e9pondant \u00e0 la question <strong><a href=\"https:\/\/www.miss-cactus.com\/?p=856\">quelles aiguilles de machine \u00e0 coudre choisir<\/a><\/strong>.<\/p>\n","protected":false},"excerpt":{"rendered":"<p>Fine tige d\u2019acier, perc\u00e9e \u00e0 sa t\u00eate d\u2019un trou (le chas) o\u00f9 passe le fil et pointue \u00e0 son autre extr\u00e9mit\u00e9, utilis\u00e9e pour la couture \u00e0 la main. Il en [&hellip;]<\/p>\n","protected":false},"author":1,"featured_media":0,"parent":0,"menu_order":0,"comment_status":"closed","ping_status":"closed","template":"","meta":{"footnotes":""},"class_list":["post-1204","page","type-page","status-publish","hentry"],"_links":{"self":[{"href":"https:\/\/www.miss-cactus.com\/blog\/index.php\/wp-json\/wp\/v2\/pages\/1204","targetHints":{"allow":["GET"]}}],"collection":[{"href":"https:\/\/www.miss-cactus.com\/blog\/index.php\/wp-json\/wp\/v2\/pages"}],"about":[{"href":"https:\/\/www.miss-cactus.com\/blog\/index.php\/wp-json\/wp\/v2\/types\/page"}],"author":[{"embeddable":true,"href":"https:\/\/www.miss-cactus.com\/blog\/index.php\/wp-json\/wp\/v2\/users\/1"}],"replies":[{"embeddable":true,"href":"https:\/\/www.miss-cactus.com\/blog\/index.php\/wp-json\/wp\/v2\/comments?post=1204"}],"version-history":[{"count":5,"href":"https:\/\/www.miss-cactus.com\/blog\/index.php\/wp-json\/wp\/v2\/pages\/1204\/revisions"}],"predecessor-version":[{"id":1212,"href":"https:\/\/www.miss-cactus.com\/blog\/index.php\/wp-json\/wp\/v2\/pages\/1204\/revisions\/1212"}],"wp:attachment":[{"href":"https:\/\/www.miss-cactus.com\/blog\/index.php\/wp-json\/wp\/v2\/media?parent=1204"}],"curies":[{"name":"wp","href":"https:\/\/api.w.org\/{rel}","templated":true}]}}